{"id":68722,"date":"2024-03-22T16:15:16","date_gmt":"2024-03-22T15:15:16","guid":{"rendered":"https:\/\/abinox-chr-clim.com\/index.php\/product\/fils-de-coupe-pour-fromage-a-pate-dure-boska-340x06mm-lot-de-10\/"},"modified":"2026-04-14T10:47:19","modified_gmt":"2026-04-14T08:47:19","slug":"fils-de-coupe-pour-fromage-a-pate-dure-boska-340x06mm-lot-de-10","status":"publish","type":"product","link":"https:\/\/abinox-chr-clim.com\/index.php\/product\/fils-de-coupe-pour-fromage-a-pate-dure-boska-340x06mm-lot-de-10\/","title":{"rendered":"Fils de coupe pour fromage \u00e0 p\u00e2te dure Boska 340&#215;0,6mm (lot de 10)"},"content":{"rendered":"<p>Une gamme de couteaux et trancheurs \u00e0 fromage de haute qualit\u00e9 et au design \u00e9l\u00e9gant.<br \/>Les fils sont en acier \u00e0 ressort pour une plus longue dur\u00e9e de vie.Chez Boska, nous d\u00e9veloppons et produisons nous-m\u00eames nos fils de coupe. Nous adaptons chaque coupe-fromage et chaque fromage \u00e0 une \u00e9paisseur de fil id\u00e9ale. Cela signifie que nos fils de coupe sont parfaitement adapt\u00e9s au coupe-fil correspondant. Les fils sont en acier \u00e0 ressort pour une plus longue dur\u00e9e de vie.<\/p>\n","protected":false},"excerpt":{"rendered":"<p>Fils de coupe pour fromage \u00e0 p\u00e2te dure Boska 340&#215;0,6mm (lot de 10)<\/p>\n","protected":false},"featured_media":104912,"comment_status":"closed","ping_status":"closed","template":"","meta":[],"product_brand":[],"product_cat":[1277,1297],"product_tag":[],"class_list":{"0":"post-68722","1":"product","2":"type-product","3":"status-publish","4":"has-post-thumbnail","6":"product_cat-divers-principal","7":"product_cat-non-palettisable","8":"product_shipping_class-free-shipping","10":"first","11":"outofstock","12":"featured","13":"taxable","14":"shipping-taxable","15":"purchasable","16":"product-type-simple"},"_links":{"self":[{"href":"https:\/\/abinox-chr-clim.com\/index.php\/wp-json\/wp\/v2\/product\/68722","targetHints":{"allow":["GET"]}}],"collection":[{"href":"https:\/\/abinox-chr-clim.com\/index.php\/wp-json\/wp\/v2\/product"}],"about":[{"href":"https:\/\/abinox-chr-clim.com\/index.php\/wp-json\/wp\/v2\/types\/product"}],"replies":[{"embeddable":true,"href":"https:\/\/abinox-chr-clim.com\/index.php\/wp-json\/wp\/v2\/comments?post=68722"}],"wp:featuredmedia":[{"embeddable":true,"href":"https:\/\/abinox-chr-clim.com\/index.php\/wp-json\/wp\/v2\/media\/104912"}],"wp:attachment":[{"href":"https:\/\/abinox-chr-clim.com\/index.php\/wp-json\/wp\/v2\/media?parent=68722"}],"wp:term":[{"taxonomy":"product_brand","embeddable":true,"href":"https:\/\/abinox-chr-clim.com\/index.php\/wp-json\/wp\/v2\/product_brand?post=68722"},{"taxonomy":"product_cat","embeddable":true,"href":"https:\/\/abinox-chr-clim.com\/index.php\/wp-json\/wp\/v2\/product_cat?post=68722"},{"taxonomy":"product_tag","embeddable":true,"href":"https:\/\/abinox-chr-clim.com\/index.php\/wp-json\/wp\/v2\/product_tag?post=68722"}],"curies":[{"name":"wp","href":"https:\/\/api.w.org\/{rel}","templated":true}]}}