{"id":68721,"date":"2024-03-22T16:15:16","date_gmt":"2024-03-22T15:15:16","guid":{"rendered":"https:\/\/abinox-chr-clim.com\/index.php\/product\/cheese-o-matic-boska-noir\/"},"modified":"2026-04-14T10:47:18","modified_gmt":"2026-04-14T08:47:18","slug":"cheese-o-matic-boska-noir","status":"publish","type":"product","link":"https:\/\/abinox-chr-clim.com\/index.php\/product\/cheese-o-matic-boska-noir\/","title":{"rendered":"Cheese-O-Matic Boska noir"},"content":{"rendered":"<p>Une gamme de couteaux et trancheurs \u00e0 fromage de haute qualit\u00e9 et au design \u00e9l\u00e9gant.<br \/>Le Cheese-O-Matic\u00ae est dot\u00e9 d&rsquo;une nouvelle poign\u00e9e WireSafe garantissant une prise en main confortable pendant la d\u00e9coupe.Le Cheese-O-Matic\u00ae est une v\u00e9ritable attraction pour le comptoir. La conception en fonte d&rsquo;aluminium de haute qualit\u00e9 conf\u00e8re \u00e0 cette trancheuse un aspect \u00e9l\u00e9gant. La trancheuse \u00e0 fromage professionnelle fait partie de la collection 1896, c&rsquo;est une v\u00e9ritable pi\u00e8ce de collection.Le Cheese-O-Matic\u00ae peut \u00e9galement \u00eatre utilis\u00e9 comme planche \u00e0 d\u00e9couper. Il prend peu de place et est facile \u00e0 utiliser par toute personne &#8211; quelle que soit son exp\u00e9rience &#8211; qui travaille avec du fromage.Vous n\u00bfavez aucun gaspillage et obtenez d\u00bfexcellentes performances de coupe\u00a0!. En coupant avec un fil de fer, vous obtenez une coupe lisse et vous glissez plus facilement au travers du fromage qu&rsquo;avec un couteau. Le Cheese-O-Matic\u00ae est dot\u00e9 d&rsquo;une nouvelle poign\u00e9e WireSafe garantissant une prise en main confortable pendant la d\u00e9coupe.<\/p>\n","protected":false},"excerpt":{"rendered":"<p>Cheese-O-Matic Boska noir<\/p>\n","protected":false},"featured_media":91829,"comment_status":"closed","ping_status":"closed","template":"","meta":[],"product_brand":[],"product_cat":[1277,1297],"product_tag":[],"class_list":{"0":"post-68721","1":"product","2":"type-product","3":"status-publish","4":"has-post-thumbnail","6":"product_cat-divers-principal","7":"product_cat-non-palettisable","8":"product_shipping_class-free-shipping","10":"first","11":"instock","12":"featured","13":"taxable","14":"shipping-taxable","15":"purchasable","16":"product-type-simple"},"_links":{"self":[{"href":"https:\/\/abinox-chr-clim.com\/index.php\/wp-json\/wp\/v2\/product\/68721","targetHints":{"allow":["GET"]}}],"collection":[{"href":"https:\/\/abinox-chr-clim.com\/index.php\/wp-json\/wp\/v2\/product"}],"about":[{"href":"https:\/\/abinox-chr-clim.com\/index.php\/wp-json\/wp\/v2\/types\/product"}],"replies":[{"embeddable":true,"href":"https:\/\/abinox-chr-clim.com\/index.php\/wp-json\/wp\/v2\/comments?post=68721"}],"wp:featuredmedia":[{"embeddable":true,"href":"https:\/\/abinox-chr-clim.com\/index.php\/wp-json\/wp\/v2\/media\/91829"}],"wp:attachment":[{"href":"https:\/\/abinox-chr-clim.com\/index.php\/wp-json\/wp\/v2\/media?parent=68721"}],"wp:term":[{"taxonomy":"product_brand","embeddable":true,"href":"https:\/\/abinox-chr-clim.com\/index.php\/wp-json\/wp\/v2\/product_brand?post=68721"},{"taxonomy":"product_cat","embeddable":true,"href":"https:\/\/abinox-chr-clim.com\/index.php\/wp-json\/wp\/v2\/product_cat?post=68721"},{"taxonomy":"product_tag","embeddable":true,"href":"https:\/\/abinox-chr-clim.com\/index.php\/wp-json\/wp\/v2\/product_tag?post=68721"}],"curies":[{"name":"wp","href":"https:\/\/api.w.org\/{rel}","templated":true}]}}