{"id":68720,"date":"2024-03-22T16:15:16","date_gmt":"2024-03-22T15:15:16","guid":{"rendered":"https:\/\/abinox-chr-clim.com\/index.php\/product\/bouteilles-deau-en-verre-avec-bouchon-olympia-geo-380-ml-lot-de-6\/"},"modified":"2026-04-14T10:48:33","modified_gmt":"2026-04-14T08:48:33","slug":"bouteilles-deau-en-verre-avec-bouchon-olympia-geo-380-ml-lot-de-6","status":"publish","type":"product","link":"https:\/\/abinox-chr-clim.com\/index.php\/product\/bouteilles-deau-en-verre-avec-bouchon-olympia-geo-380-ml-lot-de-6\/","title":{"rendered":"Bouteilles d&rsquo;eau en verre avec bouchon Olympia Geo 380 ml (lot de 6)"},"content":{"rendered":"<p>Dot\u00e9e d&rsquo;un joint herm\u00e9tique, cette bouteille d&rsquo;eau Olympia permet de garder le contenu frais plus longtemps, tout en le prot\u00e9geant de la contamination. Design classique du plus bel effet sur n&rsquo;importe quelle table ou buffet.<br \/>. Durable et robuste, parfait pour un usage quotidien. Lave-vaisselle.  La conception transparente garantit une identification facile du contenu. Joint en silicone, maintient le contenu herm\u00e9tiquement ferm\u00e9. Gardez vos boissons fra\u00eeches plus longtemps et r\u00e9duisez vos niveaux de gaspillage. .<\/p>\n<p>Caract\u00e9ristiques :<br \/>Lot : 6.<br \/> Capacit\u00e9 : 38 cl.<br \/> Dimensions : 197(H) x 71(\u00d8) mm.<br \/> Mati\u00e8re : Savon.<br \/> Couleur : Transparent.<\/p>\n","protected":false},"excerpt":{"rendered":"<p>Bouteilles d&rsquo;eau en verre avec bouchon Olympia Geo 380 ml (lot de 6)<\/p>\n","protected":false},"featured_media":92165,"comment_status":"closed","ping_status":"closed","template":"","meta":[],"product_brand":[],"product_cat":[1277,1297],"product_tag":[],"class_list":{"0":"post-68720","1":"product","2":"type-product","3":"status-publish","4":"has-post-thumbnail","6":"product_cat-divers-principal","7":"product_cat-non-palettisable","8":"product_shipping_class-free-shipping","10":"first","11":"outofstock","12":"featured","13":"taxable","14":"shipping-taxable","15":"purchasable","16":"product-type-simple"},"_links":{"self":[{"href":"https:\/\/abinox-chr-clim.com\/index.php\/wp-json\/wp\/v2\/product\/68720","targetHints":{"allow":["GET"]}}],"collection":[{"href":"https:\/\/abinox-chr-clim.com\/index.php\/wp-json\/wp\/v2\/product"}],"about":[{"href":"https:\/\/abinox-chr-clim.com\/index.php\/wp-json\/wp\/v2\/types\/product"}],"replies":[{"embeddable":true,"href":"https:\/\/abinox-chr-clim.com\/index.php\/wp-json\/wp\/v2\/comments?post=68720"}],"wp:featuredmedia":[{"embeddable":true,"href":"https:\/\/abinox-chr-clim.com\/index.php\/wp-json\/wp\/v2\/media\/92165"}],"wp:attachment":[{"href":"https:\/\/abinox-chr-clim.com\/index.php\/wp-json\/wp\/v2\/media?parent=68720"}],"wp:term":[{"taxonomy":"product_brand","embeddable":true,"href":"https:\/\/abinox-chr-clim.com\/index.php\/wp-json\/wp\/v2\/product_brand?post=68720"},{"taxonomy":"product_cat","embeddable":true,"href":"https:\/\/abinox-chr-clim.com\/index.php\/wp-json\/wp\/v2\/product_cat?post=68720"},{"taxonomy":"product_tag","embeddable":true,"href":"https:\/\/abinox-chr-clim.com\/index.php\/wp-json\/wp\/v2\/product_tag?post=68720"}],"curies":[{"name":"wp","href":"https:\/\/api.w.org\/{rel}","templated":true}]}}