{"id":68713,"date":"2024-03-22T16:15:14","date_gmt":"2024-03-22T15:15:14","guid":{"rendered":"https:\/\/abinox-chr-clim.com\/index.php\/product\/spatule-exoglass-matfer-bourgeat-450-mm\/"},"modified":"2026-04-15T10:20:25","modified_gmt":"2026-04-15T08:20:25","slug":"spatule-exoglass-matfer-bourgeat-450-mm","status":"publish","type":"product","link":"https:\/\/abinox-chr-clim.com\/index.php\/product\/spatule-exoglass-matfer-bourgeat-450-mm\/","title":{"rendered":"Spatule Exoglass Matfer Bourgeat 450 mm"},"content":{"rendered":"<p>Le mat\u00e9riau Exoglass r\u00e9siste \u00e0 des temp\u00e9ratures allant jusqu&rsquo;\u00e0 220\u00b0C. Il est adapt\u00e9 \u00e0 de nombreuses t\u00e2ches de cuisson, y compris le travail du sucre et la caram\u00e9lisation.<br \/>Imputrescible.R\u00e9sistant. St\u00e9rilisable. R\u00e9sistant \u00e0 la chaleur jusqu&rsquo;\u00e0 220\u00b0C.Imputrescible.<\/p>\n<p>Caract\u00e9ristiques :<br \/> Dimensions : 450(L) mm.<br \/> Mati\u00e8re : Exoglass.<br \/> Couleur : Blanc.<\/p>\n","protected":false},"excerpt":{"rendered":"<p>Spatule Exoglass Matfer Bourgeat 450 mm<\/p>\n","protected":false},"featured_media":90496,"comment_status":"closed","ping_status":"closed","template":"","meta":[],"product_brand":[],"product_cat":[1277,1297],"product_tag":[],"class_list":{"0":"post-68713","1":"product","2":"type-product","3":"status-publish","4":"has-post-thumbnail","6":"product_cat-divers-principal","7":"product_cat-non-palettisable","8":"product_shipping_class-free-shipping","10":"first","11":"instock","12":"featured","13":"taxable","14":"shipping-taxable","15":"purchasable","16":"product-type-simple"},"_links":{"self":[{"href":"https:\/\/abinox-chr-clim.com\/index.php\/wp-json\/wp\/v2\/product\/68713","targetHints":{"allow":["GET"]}}],"collection":[{"href":"https:\/\/abinox-chr-clim.com\/index.php\/wp-json\/wp\/v2\/product"}],"about":[{"href":"https:\/\/abinox-chr-clim.com\/index.php\/wp-json\/wp\/v2\/types\/product"}],"replies":[{"embeddable":true,"href":"https:\/\/abinox-chr-clim.com\/index.php\/wp-json\/wp\/v2\/comments?post=68713"}],"wp:featuredmedia":[{"embeddable":true,"href":"https:\/\/abinox-chr-clim.com\/index.php\/wp-json\/wp\/v2\/media\/90496"}],"wp:attachment":[{"href":"https:\/\/abinox-chr-clim.com\/index.php\/wp-json\/wp\/v2\/media?parent=68713"}],"wp:term":[{"taxonomy":"product_brand","embeddable":true,"href":"https:\/\/abinox-chr-clim.com\/index.php\/wp-json\/wp\/v2\/product_brand?post=68713"},{"taxonomy":"product_cat","embeddable":true,"href":"https:\/\/abinox-chr-clim.com\/index.php\/wp-json\/wp\/v2\/product_cat?post=68713"},{"taxonomy":"product_tag","embeddable":true,"href":"https:\/\/abinox-chr-clim.com\/index.php\/wp-json\/wp\/v2\/product_tag?post=68713"}],"curies":[{"name":"wp","href":"https:\/\/api.w.org\/{rel}","templated":true}]}}