{"id":68712,"date":"2024-03-22T16:15:13","date_gmt":"2024-03-22T15:15:13","guid":{"rendered":"https:\/\/abinox-chr-clim.com\/index.php\/product\/planche-a-repasser-kuma\/"},"modified":"2026-04-14T10:49:25","modified_gmt":"2026-04-14T08:49:25","slug":"planche-a-repasser-kuma","status":"publish","type":"product","link":"https:\/\/abinox-chr-clim.com\/index.php\/product\/planche-a-repasser-kuma\/","title":{"rendered":"Planche \u00e0 repasser Kuma"},"content":{"rendered":"<p>Excellent rapport qualit\u00e9\/prix pour cette planche \u00e0 repasser avec housse en coton, repose-fer et pieds en caoutchouc.<br \/>Se verrouille en position pli\u00e9e. Dessus en mousse de 8 mm recouvert de coton. Repose-fer en fil m\u00e9tallique. Pieds en caoutchouc antid\u00e9rapants. Structure en acier recouvert d&rsquo;\u00e9poxy. Rangement et transport faciles. R\u00e9glable en hauteur.Se verrouille en position pli\u00e9e.<\/p>\n<p>Caract\u00e9ristiques :<br \/> Dimensions : 1100(H) x 75(P) mm.<br \/> Mati\u00e8re : .<br \/> Couleur : Argent.<\/p>\n","protected":false},"excerpt":{"rendered":"<p>Planche \u00e0 repasser Kuma<\/p>\n","protected":false},"featured_media":87420,"comment_status":"closed","ping_status":"closed","template":"","meta":[],"product_brand":[],"product_cat":[1277,1297],"product_tag":[],"class_list":{"0":"post-68712","1":"product","2":"type-product","3":"status-publish","4":"has-post-thumbnail","6":"product_cat-divers-principal","7":"product_cat-non-palettisable","8":"product_shipping_class-free-shipping","10":"first","11":"instock","12":"featured","13":"taxable","14":"shipping-taxable","15":"purchasable","16":"product-type-simple"},"_links":{"self":[{"href":"https:\/\/abinox-chr-clim.com\/index.php\/wp-json\/wp\/v2\/product\/68712","targetHints":{"allow":["GET"]}}],"collection":[{"href":"https:\/\/abinox-chr-clim.com\/index.php\/wp-json\/wp\/v2\/product"}],"about":[{"href":"https:\/\/abinox-chr-clim.com\/index.php\/wp-json\/wp\/v2\/types\/product"}],"replies":[{"embeddable":true,"href":"https:\/\/abinox-chr-clim.com\/index.php\/wp-json\/wp\/v2\/comments?post=68712"}],"wp:featuredmedia":[{"embeddable":true,"href":"https:\/\/abinox-chr-clim.com\/index.php\/wp-json\/wp\/v2\/media\/87420"}],"wp:attachment":[{"href":"https:\/\/abinox-chr-clim.com\/index.php\/wp-json\/wp\/v2\/media?parent=68712"}],"wp:term":[{"taxonomy":"product_brand","embeddable":true,"href":"https:\/\/abinox-chr-clim.com\/index.php\/wp-json\/wp\/v2\/product_brand?post=68712"},{"taxonomy":"product_cat","embeddable":true,"href":"https:\/\/abinox-chr-clim.com\/index.php\/wp-json\/wp\/v2\/product_cat?post=68712"},{"taxonomy":"product_tag","embeddable":true,"href":"https:\/\/abinox-chr-clim.com\/index.php\/wp-json\/wp\/v2\/product_tag?post=68712"}],"curies":[{"name":"wp","href":"https:\/\/api.w.org\/{rel}","templated":true}]}}