{"id":68711,"date":"2024-03-22T16:15:13","date_gmt":"2024-03-22T15:15:13","guid":{"rendered":"https:\/\/abinox-chr-clim.com\/index.php\/product\/assiettes-creuses-blanches-churchill-profile-255mm-lot-de-12\/"},"modified":"2026-04-14T10:39:41","modified_gmt":"2026-04-14T08:39:41","slug":"assiettes-creuses-blanches-churchill-profile-255mm-lot-de-12","status":"publish","type":"product","link":"https:\/\/abinox-chr-clim.com\/index.php\/product\/assiettes-creuses-blanches-churchill-profile-255mm-lot-de-12\/","title":{"rendered":"Assiettes creuses blanches Churchill Profile 255mm (lot de 12)"},"content":{"rendered":"<p>Des assiettes polyvalentes et styl\u00e9es, qui fournissent la toile neutre parfaite pour mettre en valeur les plats. Passent au lave-vaisselle.<br \/>Compatible lave-vaisselle. Garantie de 5 ans anti-\u00e9clat sur les bords. Peut \u00eatre utilis\u00e9e de mani\u00e8re flexible tout au long du repas. Talon enti\u00e8rement vitrifi\u00e9. Finition de qualit\u00e9 sup\u00e9rieure augmentant la r\u00e9sistance aux taches et au marques.  Compatible lave-vaisselle.<\/p>\n<p>Caract\u00e9ristiques :<br \/>Lot : 12.<br \/> Dimensions : 255(\u00d8) mm.<br \/> Mati\u00e8re : Porcelaine.<br \/> Couleur : Blanc.<\/p>\n","protected":false},"excerpt":{"rendered":"<p>Assiettes creuses blanches Churchill Profile 255mm (lot de 12)<\/p>\n","protected":false},"featured_media":87629,"comment_status":"closed","ping_status":"closed","template":"","meta":[],"product_brand":[],"product_cat":[1277,1297],"product_tag":[],"class_list":{"0":"post-68711","1":"product","2":"type-product","3":"status-publish","4":"has-post-thumbnail","6":"product_cat-divers-principal","7":"product_cat-non-palettisable","8":"product_shipping_class-free-shipping","10":"first","11":"instock","12":"featured","13":"taxable","14":"shipping-taxable","15":"purchasable","16":"product-type-simple"},"_links":{"self":[{"href":"https:\/\/abinox-chr-clim.com\/index.php\/wp-json\/wp\/v2\/product\/68711","targetHints":{"allow":["GET"]}}],"collection":[{"href":"https:\/\/abinox-chr-clim.com\/index.php\/wp-json\/wp\/v2\/product"}],"about":[{"href":"https:\/\/abinox-chr-clim.com\/index.php\/wp-json\/wp\/v2\/types\/product"}],"replies":[{"embeddable":true,"href":"https:\/\/abinox-chr-clim.com\/index.php\/wp-json\/wp\/v2\/comments?post=68711"}],"wp:featuredmedia":[{"embeddable":true,"href":"https:\/\/abinox-chr-clim.com\/index.php\/wp-json\/wp\/v2\/media\/87629"}],"wp:attachment":[{"href":"https:\/\/abinox-chr-clim.com\/index.php\/wp-json\/wp\/v2\/media?parent=68711"}],"wp:term":[{"taxonomy":"product_brand","embeddable":true,"href":"https:\/\/abinox-chr-clim.com\/index.php\/wp-json\/wp\/v2\/product_brand?post=68711"},{"taxonomy":"product_cat","embeddable":true,"href":"https:\/\/abinox-chr-clim.com\/index.php\/wp-json\/wp\/v2\/product_cat?post=68711"},{"taxonomy":"product_tag","embeddable":true,"href":"https:\/\/abinox-chr-clim.com\/index.php\/wp-json\/wp\/v2\/product_tag?post=68711"}],"curies":[{"name":"wp","href":"https:\/\/api.w.org\/{rel}","templated":true}]}}