{"id":68705,"date":"2024-03-22T16:15:08","date_gmt":"2024-03-22T15:15:08","guid":{"rendered":"https:\/\/abinox-chr-clim.com\/index.php\/product\/presse-a-burger-simple-beaumont-79-x-120mm\/"},"modified":"2026-04-14T10:47:43","modified_gmt":"2026-04-14T08:47:43","slug":"presse-a-burger-simple-beaumont-79-x-120mm","status":"publish","type":"product","link":"https:\/\/abinox-chr-clim.com\/index.php\/product\/presse-a-burger-simple-beaumont-79-x-120mm\/","title":{"rendered":"Presse \u00e0 burger simple Beaumont 79 x 120mm"},"content":{"rendered":"<p>Poign\u00e9e douce au toucher pour plus de confort. Facilite une pr\u00e9paration rapide. Durable pour une longue utilisation. Facile \u00e0 nettoyer (\u00e0 la main uniquement).<br \/>Durable pour une longue utilisation. Poign\u00e9e douce au toucher pour plus de confort. Facilite une pr\u00e9paration rapide pour plus d\u00bfefficacit\u00e9. Facile \u00e0 nettoyer &#8211; pas de lave-vaisselle. Facile \u00e0 nettoyer.  Durable pour une longue utilisation.<\/p>\n<p>Caract\u00e9ristiques :<br \/> Dimensions : 79(H) x 26(L) x 120(P)mm.<br \/> Mati\u00e8re : Inox<\/p>\n","protected":false},"excerpt":{"rendered":"<p>Presse \u00e0 burger simple Beaumont 79 x 120mm<\/p>\n","protected":false},"featured_media":88526,"comment_status":"closed","ping_status":"closed","template":"","meta":[],"product_brand":[],"product_cat":[1277,1297],"product_tag":[],"class_list":{"0":"post-68705","1":"product","2":"type-product","3":"status-publish","4":"has-post-thumbnail","6":"product_cat-divers-principal","7":"product_cat-non-palettisable","8":"product_shipping_class-free-shipping","10":"first","11":"instock","12":"featured","13":"taxable","14":"shipping-taxable","15":"purchasable","16":"product-type-simple"},"_links":{"self":[{"href":"https:\/\/abinox-chr-clim.com\/index.php\/wp-json\/wp\/v2\/product\/68705","targetHints":{"allow":["GET"]}}],"collection":[{"href":"https:\/\/abinox-chr-clim.com\/index.php\/wp-json\/wp\/v2\/product"}],"about":[{"href":"https:\/\/abinox-chr-clim.com\/index.php\/wp-json\/wp\/v2\/types\/product"}],"replies":[{"embeddable":true,"href":"https:\/\/abinox-chr-clim.com\/index.php\/wp-json\/wp\/v2\/comments?post=68705"}],"wp:featuredmedia":[{"embeddable":true,"href":"https:\/\/abinox-chr-clim.com\/index.php\/wp-json\/wp\/v2\/media\/88526"}],"wp:attachment":[{"href":"https:\/\/abinox-chr-clim.com\/index.php\/wp-json\/wp\/v2\/media?parent=68705"}],"wp:term":[{"taxonomy":"product_brand","embeddable":true,"href":"https:\/\/abinox-chr-clim.com\/index.php\/wp-json\/wp\/v2\/product_brand?post=68705"},{"taxonomy":"product_cat","embeddable":true,"href":"https:\/\/abinox-chr-clim.com\/index.php\/wp-json\/wp\/v2\/product_cat?post=68705"},{"taxonomy":"product_tag","embeddable":true,"href":"https:\/\/abinox-chr-clim.com\/index.php\/wp-json\/wp\/v2\/product_tag?post=68705"}],"curies":[{"name":"wp","href":"https:\/\/api.w.org\/{rel}","templated":true}]}}