{"id":68696,"date":"2024-03-22T16:15:05","date_gmt":"2024-03-22T15:15:05","guid":{"rendered":"https:\/\/abinox-chr-clim.com\/index.php\/product\/doseur-avec-anneau-inox-beaumont-20ml-40ml\/"},"modified":"2026-04-14T10:43:40","modified_gmt":"2026-04-14T08:43:40","slug":"doseur-avec-anneau-inox-beaumont-20ml-40ml","status":"publish","type":"product","link":"https:\/\/abinox-chr-clim.com\/index.php\/product\/doseur-avec-anneau-inox-beaumont-20ml-40ml\/","title":{"rendered":"Doseur avec anneau inox Beaumont 20ml\/40ml"},"content":{"rendered":"<p>L&rsquo;acier inoxydable assure une excellente durabilit\u00e9. Avec anneau. Plaqu\u00e9 pour un style \u00e9l\u00e9gant et moderne. L&rsquo;acier inoxydable assure une excellente durabilit\u00e9.<\/p>\n<p>Caract\u00e9ristiques :<br \/> Dimensions : 91(H) x 45(L) x 45(P) mm.<br \/> Mati\u00e8re : Inox<\/p>\n","protected":false},"excerpt":{"rendered":"<p>Doseur avec anneau inox Beaumont 20ml\/40ml<\/p>\n","protected":false},"featured_media":88559,"comment_status":"closed","ping_status":"closed","template":"","meta":[],"product_brand":[],"product_cat":[1277,1297],"product_tag":[],"class_list":{"0":"post-68696","1":"product","2":"type-product","3":"status-publish","4":"has-post-thumbnail","6":"product_cat-divers-principal","7":"product_cat-non-palettisable","8":"product_shipping_class-free-shipping","10":"first","11":"instock","12":"featured","13":"taxable","14":"shipping-taxable","15":"purchasable","16":"product-type-simple"},"_links":{"self":[{"href":"https:\/\/abinox-chr-clim.com\/index.php\/wp-json\/wp\/v2\/product\/68696","targetHints":{"allow":["GET"]}}],"collection":[{"href":"https:\/\/abinox-chr-clim.com\/index.php\/wp-json\/wp\/v2\/product"}],"about":[{"href":"https:\/\/abinox-chr-clim.com\/index.php\/wp-json\/wp\/v2\/types\/product"}],"replies":[{"embeddable":true,"href":"https:\/\/abinox-chr-clim.com\/index.php\/wp-json\/wp\/v2\/comments?post=68696"}],"wp:featuredmedia":[{"embeddable":true,"href":"https:\/\/abinox-chr-clim.com\/index.php\/wp-json\/wp\/v2\/media\/88559"}],"wp:attachment":[{"href":"https:\/\/abinox-chr-clim.com\/index.php\/wp-json\/wp\/v2\/media?parent=68696"}],"wp:term":[{"taxonomy":"product_brand","embeddable":true,"href":"https:\/\/abinox-chr-clim.com\/index.php\/wp-json\/wp\/v2\/product_brand?post=68696"},{"taxonomy":"product_cat","embeddable":true,"href":"https:\/\/abinox-chr-clim.com\/index.php\/wp-json\/wp\/v2\/product_cat?post=68696"},{"taxonomy":"product_tag","embeddable":true,"href":"https:\/\/abinox-chr-clim.com\/index.php\/wp-json\/wp\/v2\/product_tag?post=68696"}],"curies":[{"name":"wp","href":"https:\/\/api.w.org\/{rel}","templated":true}]}}