{"id":68693,"date":"2024-03-22T16:15:04","date_gmt":"2024-03-22T15:15:04","guid":{"rendered":"https:\/\/abinox-chr-clim.com\/index.php\/product\/plateau-de-table-carre-pre-perce-vintage-noir-bolero-700mm\/"},"modified":"2026-04-14T10:39:35","modified_gmt":"2026-04-14T08:39:35","slug":"plateau-de-table-carre-pre-perce-vintage-noir-bolero-700mm","status":"publish","type":"product","link":"https:\/\/abinox-chr-clim.com\/index.php\/product\/plateau-de-table-carre-pre-perce-vintage-noir-bolero-700mm\/","title":{"rendered":"Plateau de table carr\u00e9 pr\u00e9-perc\u00e9 vintage noir Bolero 700mm"},"content":{"rendered":"<p>Plateau de table durable pr\u00e9-perc\u00e9 pour un assemblage facile avec des pieds de table.<br \/>Pr\u00e9-perc\u00e9 pour un assemblage facile. Con\u00e7u pour s&rsquo;adapter \u00e0 tous les pieds de table Bolero. R\u00e9sistant \u00e0 la chaleur et l&rsquo;eau. R\u00e9f\u00e9rence soumise \u00e0 une Eco-participation mobilier de 1.54\u20ac par unit\u00e9 vendue. Essuyage facile. Colis plat.Utilisation int\u00e9rieure uniquement. Pr\u00e9-perc\u00e9 pour un assemblage facile.<\/p>\n<p>Caract\u00e9ristiques :<br \/> Dimensions : 27(H) x 700(L) x 700(P) mm.<br \/> Mati\u00e8re : MDF et placage de ch\u00eane<\/p>\n","protected":false},"excerpt":{"rendered":"<p>Plateau de table carr\u00e9 pr\u00e9-perc\u00e9 vintage noir Bolero 700mm<\/p>\n","protected":false},"featured_media":88629,"comment_status":"closed","ping_status":"closed","template":"","meta":[],"product_brand":[],"product_cat":[1277,1297],"product_tag":[],"class_list":{"0":"post-68693","1":"product","2":"type-product","3":"status-publish","4":"has-post-thumbnail","6":"product_cat-divers-principal","7":"product_cat-non-palettisable","8":"product_shipping_class-free-shipping","10":"first","11":"instock","12":"featured","13":"taxable","14":"shipping-taxable","15":"purchasable","16":"product-type-simple"},"_links":{"self":[{"href":"https:\/\/abinox-chr-clim.com\/index.php\/wp-json\/wp\/v2\/product\/68693","targetHints":{"allow":["GET"]}}],"collection":[{"href":"https:\/\/abinox-chr-clim.com\/index.php\/wp-json\/wp\/v2\/product"}],"about":[{"href":"https:\/\/abinox-chr-clim.com\/index.php\/wp-json\/wp\/v2\/types\/product"}],"replies":[{"embeddable":true,"href":"https:\/\/abinox-chr-clim.com\/index.php\/wp-json\/wp\/v2\/comments?post=68693"}],"wp:featuredmedia":[{"embeddable":true,"href":"https:\/\/abinox-chr-clim.com\/index.php\/wp-json\/wp\/v2\/media\/88629"}],"wp:attachment":[{"href":"https:\/\/abinox-chr-clim.com\/index.php\/wp-json\/wp\/v2\/media?parent=68693"}],"wp:term":[{"taxonomy":"product_brand","embeddable":true,"href":"https:\/\/abinox-chr-clim.com\/index.php\/wp-json\/wp\/v2\/product_brand?post=68693"},{"taxonomy":"product_cat","embeddable":true,"href":"https:\/\/abinox-chr-clim.com\/index.php\/wp-json\/wp\/v2\/product_cat?post=68693"},{"taxonomy":"product_tag","embeddable":true,"href":"https:\/\/abinox-chr-clim.com\/index.php\/wp-json\/wp\/v2\/product_tag?post=68693"}],"curies":[{"name":"wp","href":"https:\/\/api.w.org\/{rel}","templated":true}]}}