{"id":68692,"date":"2024-03-22T16:15:03","date_gmt":"2024-03-22T15:15:03","guid":{"rendered":"https:\/\/abinox-chr-clim.com\/index.php\/product\/bols-triangulaires-churchill-stonecast-gris-152mm-lot-de-12\/"},"modified":"2026-04-14T10:39:34","modified_gmt":"2026-04-14T08:39:34","slug":"bols-triangulaires-churchill-stonecast-gris-152mm-lot-de-12","status":"publish","type":"product","link":"https:\/\/abinox-chr-clim.com\/index.php\/product\/bols-triangulaires-churchill-stonecast-gris-152mm-lot-de-12\/","title":{"rendered":"Bols triangulaires Churchill Stonecast gris 152mm (lot de 12)"},"content":{"rendered":"<p>Les formes et les couleurs naturelles de la gamme Stonecast cr\u00e9ent la toile de fond parfaite pour mettre en valeur les plats faits maison. Passe au four, au micro-ondes et au lave-vaisselle.<br \/>Id\u00e9al pour mettre en valeur des aliments frais, authentiques et d\u00e9licieux. La couleur neutre permet \u00e0 vos aliments de prendre le devant de la sc\u00e8ne. Le  mouchet\u00e9 est peint \u00e0 la main. Durable et r\u00e9sistant : id\u00e9al pour une utilisation quotidienne dans votre restaurant. Couvert par la garantie Churchill de 5 ans anti-\u00e9clat sur les bords. Passe au lave-vaisselle et au micro-ondes.  Id\u00e9al pour mettre en valeur des aliments frais, authentiques et d\u00e9licieux.<\/p>\n<p>Caract\u00e9ristiques :<br \/>Lot : 12.<br \/> Dimensions : 152(\u00d8) mm.<br \/> Mati\u00e8re : Porcelaine.<br \/> Couleur : Gris.<\/p>\n","protected":false},"excerpt":{"rendered":"<p>Bols triangulaires Churchill Stonecast gris 152mm (lot de 12)<\/p>\n","protected":false},"featured_media":88631,"comment_status":"closed","ping_status":"closed","template":"","meta":[],"product_brand":[],"product_cat":[1277,1297],"product_tag":[],"class_list":{"0":"post-68692","1":"product","2":"type-product","3":"status-publish","4":"has-post-thumbnail","6":"product_cat-divers-principal","7":"product_cat-non-palettisable","8":"product_shipping_class-free-shipping","10":"first","11":"instock","12":"featured","13":"taxable","14":"shipping-taxable","15":"purchasable","16":"product-type-simple"},"_links":{"self":[{"href":"https:\/\/abinox-chr-clim.com\/index.php\/wp-json\/wp\/v2\/product\/68692","targetHints":{"allow":["GET"]}}],"collection":[{"href":"https:\/\/abinox-chr-clim.com\/index.php\/wp-json\/wp\/v2\/product"}],"about":[{"href":"https:\/\/abinox-chr-clim.com\/index.php\/wp-json\/wp\/v2\/types\/product"}],"replies":[{"embeddable":true,"href":"https:\/\/abinox-chr-clim.com\/index.php\/wp-json\/wp\/v2\/comments?post=68692"}],"wp:featuredmedia":[{"embeddable":true,"href":"https:\/\/abinox-chr-clim.com\/index.php\/wp-json\/wp\/v2\/media\/88631"}],"wp:attachment":[{"href":"https:\/\/abinox-chr-clim.com\/index.php\/wp-json\/wp\/v2\/media?parent=68692"}],"wp:term":[{"taxonomy":"product_brand","embeddable":true,"href":"https:\/\/abinox-chr-clim.com\/index.php\/wp-json\/wp\/v2\/product_brand?post=68692"},{"taxonomy":"product_cat","embeddable":true,"href":"https:\/\/abinox-chr-clim.com\/index.php\/wp-json\/wp\/v2\/product_cat?post=68692"},{"taxonomy":"product_tag","embeddable":true,"href":"https:\/\/abinox-chr-clim.com\/index.php\/wp-json\/wp\/v2\/product_tag?post=68692"}],"curies":[{"name":"wp","href":"https:\/\/api.w.org\/{rel}","templated":true}]}}