{"id":68691,"date":"2024-03-22T16:15:03","date_gmt":"2024-03-22T15:15:03","guid":{"rendered":"https:\/\/abinox-chr-clim.com\/index.php\/product\/bouilloire-kitchenaid-classic-noire-125l-5kek1222bob\/"},"modified":"2026-04-14T10:45:40","modified_gmt":"2026-04-14T08:45:40","slug":"bouilloire-kitchenaid-classic-noire-125l-5kek1222bob","status":"publish","type":"product","link":"https:\/\/abinox-chr-clim.com\/index.php\/product\/bouilloire-kitchenaid-classic-noire-125l-5kek1222bob\/","title":{"rendered":"Bouilloire KitchenAid Classic noire 1,25L 5KEK1222BOB"},"content":{"rendered":"<p>Bouilloire \u00e9l\u00e9gante au design bomb\u00e9 r\u00e9tro d&rsquo;une capacit\u00e9 de 1,25 litre.<br \/>Porte l&rsquo;eau \u00e0 \u00e9bullition rapidement avec un encombrement compact. Interrupteur marche\/arr\u00eat avec voyant LED. Construction \u00e0 paroi simple en acier inoxydable avec graduations int\u00e9rieures de niveau d&rsquo;eau. R\u00e9f\u00e9rence soumise \u00e0 une Eco-participation mobilier de 0.1\u20ac par unit\u00e9 vendue. Filtre anticalcaire amovible.  Large ouverture de remplissage et bec antigoutte. Porte l&rsquo;eau \u00e0 \u00e9bullition rapidement avec un encombrement compact.<\/p>\n<p>Caract\u00e9ristiques :<br \/> Dimensions : 262(H) x 178(L) x 226(P) mm.<br \/> Mati\u00e8re : Inox.<br \/> Couleur : Noir.<\/p>\n","protected":false},"excerpt":{"rendered":"<p>Bouilloire KitchenAid Classic noire 1,25L 5KEK1222BOB<\/p>\n","protected":false},"featured_media":88732,"comment_status":"closed","ping_status":"closed","template":"","meta":[],"product_brand":[],"product_cat":[1277,1297],"product_tag":[],"class_list":{"0":"post-68691","1":"product","2":"type-product","3":"status-publish","4":"has-post-thumbnail","6":"product_cat-divers-principal","7":"product_cat-non-palettisable","8":"product_shipping_class-free-shipping","10":"first","11":"instock","12":"featured","13":"taxable","14":"shipping-taxable","15":"purchasable","16":"product-type-simple"},"_links":{"self":[{"href":"https:\/\/abinox-chr-clim.com\/index.php\/wp-json\/wp\/v2\/product\/68691","targetHints":{"allow":["GET"]}}],"collection":[{"href":"https:\/\/abinox-chr-clim.com\/index.php\/wp-json\/wp\/v2\/product"}],"about":[{"href":"https:\/\/abinox-chr-clim.com\/index.php\/wp-json\/wp\/v2\/types\/product"}],"replies":[{"embeddable":true,"href":"https:\/\/abinox-chr-clim.com\/index.php\/wp-json\/wp\/v2\/comments?post=68691"}],"wp:featuredmedia":[{"embeddable":true,"href":"https:\/\/abinox-chr-clim.com\/index.php\/wp-json\/wp\/v2\/media\/88732"}],"wp:attachment":[{"href":"https:\/\/abinox-chr-clim.com\/index.php\/wp-json\/wp\/v2\/media?parent=68691"}],"wp:term":[{"taxonomy":"product_brand","embeddable":true,"href":"https:\/\/abinox-chr-clim.com\/index.php\/wp-json\/wp\/v2\/product_brand?post=68691"},{"taxonomy":"product_cat","embeddable":true,"href":"https:\/\/abinox-chr-clim.com\/index.php\/wp-json\/wp\/v2\/product_cat?post=68691"},{"taxonomy":"product_tag","embeddable":true,"href":"https:\/\/abinox-chr-clim.com\/index.php\/wp-json\/wp\/v2\/product_tag?post=68691"}],"curies":[{"name":"wp","href":"https:\/\/api.w.org\/{rel}","templated":true}]}}