{"id":68690,"date":"2024-03-22T16:15:03","date_gmt":"2024-03-22T15:15:03","guid":{"rendered":"https:\/\/abinox-chr-clim.com\/index.php\/product\/batteur-a-main-kitchenaid-blanc-5-vitesses-5khm5110bwh\/"},"modified":"2025-07-24T20:06:43","modified_gmt":"2025-07-24T18:06:43","slug":"batteur-a-main-kitchenaid-blanc-5-vitesses-5khm5110bwh","status":"publish","type":"product","link":"https:\/\/abinox-chr-clim.com\/index.php\/product\/batteur-a-main-kitchenaid-blanc-5-vitesses-5khm5110bwh\/","title":{"rendered":"Batteur \u00e0 main Kitchenaid blanc 5 vitesses 5KHM5110BWH"},"content":{"rendered":"<p>La commande m\u00e9canique \u00e0 5 vitesses facilement r\u00e9glable &#8211; du m\u00e9lange lent au fouet rapide &#8211; permet de m\u00e9langer tous les ingr\u00e9dients sans \u00e9claboussures.<br \/>Moteur \u00e0 courant continu efficace et puissant offrant un excellent contr\u00f4le \u00e0 chaque vitesse. Batteurs et fouet turbo en acier inoxydable lavables au lave-vaisselle. Bouton d&rsquo;\u00e9jection des ustensiles pour une lib\u00e9ration rapide d&rsquo;une seule main. R\u00e9f\u00e9rence soumise \u00e0 une Eco-participation mobilier de 0.09\u20ac par unit\u00e9 vendue.  Cordon rond pivotant verrouillable. Moteur \u00e0 courant continu efficace et puissant offrant un excellent contr\u00f4le \u00e0 chaque vitesse.<\/p>\n<p>Caract\u00e9ristiques :<br \/> Dimensions : 295(H) x 95(L) x 210(P)mm.<br \/> Mati\u00e8re : Plastique.<br \/> Couleur : Blanc.<\/p>\n","protected":false},"excerpt":{"rendered":"<p>Batteur \u00e0 main Kitchenaid blanc 5 vitesses 5KHM5110BWH<\/p>\n","protected":false},"featured_media":88775,"comment_status":"closed","ping_status":"closed","template":"","meta":[],"product_brand":[],"product_cat":[1277,1297],"product_tag":[],"class_list":{"0":"post-68690","1":"product","2":"type-product","3":"status-publish","4":"has-post-thumbnail","6":"product_cat-divers-principal","7":"product_cat-non-palettisable","8":"product_shipping_class-free-shipping","10":"first","11":"instock","12":"featured","13":"taxable","14":"shipping-taxable","15":"purchasable","16":"product-type-simple"},"_links":{"self":[{"href":"https:\/\/abinox-chr-clim.com\/index.php\/wp-json\/wp\/v2\/product\/68690","targetHints":{"allow":["GET"]}}],"collection":[{"href":"https:\/\/abinox-chr-clim.com\/index.php\/wp-json\/wp\/v2\/product"}],"about":[{"href":"https:\/\/abinox-chr-clim.com\/index.php\/wp-json\/wp\/v2\/types\/product"}],"replies":[{"embeddable":true,"href":"https:\/\/abinox-chr-clim.com\/index.php\/wp-json\/wp\/v2\/comments?post=68690"}],"wp:featuredmedia":[{"embeddable":true,"href":"https:\/\/abinox-chr-clim.com\/index.php\/wp-json\/wp\/v2\/media\/88775"}],"wp:attachment":[{"href":"https:\/\/abinox-chr-clim.com\/index.php\/wp-json\/wp\/v2\/media?parent=68690"}],"wp:term":[{"taxonomy":"product_brand","embeddable":true,"href":"https:\/\/abinox-chr-clim.com\/index.php\/wp-json\/wp\/v2\/product_brand?post=68690"},{"taxonomy":"product_cat","embeddable":true,"href":"https:\/\/abinox-chr-clim.com\/index.php\/wp-json\/wp\/v2\/product_cat?post=68690"},{"taxonomy":"product_tag","embeddable":true,"href":"https:\/\/abinox-chr-clim.com\/index.php\/wp-json\/wp\/v2\/product_tag?post=68690"}],"curies":[{"name":"wp","href":"https:\/\/api.w.org\/{rel}","templated":true}]}}