{"id":68689,"date":"2024-03-22T16:15:02","date_gmt":"2024-03-22T15:15:02","guid":{"rendered":"https:\/\/abinox-chr-clim.com\/index.php\/product\/couvercle-verseur-protecteur-pour-robot-patissier-a-bol-relevable-kitchenaid-69l\/"},"modified":"2026-04-14T10:43:17","modified_gmt":"2026-04-14T08:43:17","slug":"couvercle-verseur-protecteur-pour-robot-patissier-a-bol-relevable-kitchenaid-69l","status":"publish","type":"product","link":"https:\/\/abinox-chr-clim.com\/index.php\/product\/couvercle-verseur-protecteur-pour-robot-patissier-a-bol-relevable-kitchenaid-69l\/","title":{"rendered":"Couvercle verseur\/protecteur pour robot p\u00e2tissier \u00e0 bol relevable KitchenAid 6,9L"},"content":{"rendered":"<p>Prot\u00e8ge contre les \u00e9claboussures. La grande glissi\u00e8re inclin\u00e9e pour les ingr\u00e9dients vous permet d&rsquo;ajouter avec pr\u00e9cision et facilement des ingr\u00e9dients en diverses quantit\u00e9s. Fabriqu\u00e9 en plastique transparent pour bien voir le bol. R\u00e9f\u00e9rence soumise \u00e0 une Eco-participation mobilier de 0.02\u20ac par unit\u00e9 vendue. Lavable au lave-vaisselle pour un nettoyage facile.  Nouvelles languettes faciles \u00e0 clipser pour maintenir le couvercle fermement en place. Prot\u00e8ge contre les \u00e9claboussures.<\/p>\n<p>Caract\u00e9ristiques :<br \/> Mati\u00e8re : Plastique.<br \/> Couleur : Transparent.<\/p>\n","protected":false},"excerpt":{"rendered":"<p>Couvercle verseur\/protecteur pour robot p\u00e2tissier \u00e0 bol relevable KitchenAid 6,9L<\/p>\n","protected":false},"featured_media":88776,"comment_status":"closed","ping_status":"closed","template":"","meta":[],"product_brand":[],"product_cat":[1277,1297],"product_tag":[],"class_list":{"0":"post-68689","1":"product","2":"type-product","3":"status-publish","4":"has-post-thumbnail","6":"product_cat-divers-principal","7":"product_cat-non-palettisable","8":"product_shipping_class-free-shipping","10":"first","11":"instock","12":"featured","13":"taxable","14":"shipping-taxable","15":"purchasable","16":"product-type-simple"},"_links":{"self":[{"href":"https:\/\/abinox-chr-clim.com\/index.php\/wp-json\/wp\/v2\/product\/68689","targetHints":{"allow":["GET"]}}],"collection":[{"href":"https:\/\/abinox-chr-clim.com\/index.php\/wp-json\/wp\/v2\/product"}],"about":[{"href":"https:\/\/abinox-chr-clim.com\/index.php\/wp-json\/wp\/v2\/types\/product"}],"replies":[{"embeddable":true,"href":"https:\/\/abinox-chr-clim.com\/index.php\/wp-json\/wp\/v2\/comments?post=68689"}],"wp:featuredmedia":[{"embeddable":true,"href":"https:\/\/abinox-chr-clim.com\/index.php\/wp-json\/wp\/v2\/media\/88776"}],"wp:attachment":[{"href":"https:\/\/abinox-chr-clim.com\/index.php\/wp-json\/wp\/v2\/media?parent=68689"}],"wp:term":[{"taxonomy":"product_brand","embeddable":true,"href":"https:\/\/abinox-chr-clim.com\/index.php\/wp-json\/wp\/v2\/product_brand?post=68689"},{"taxonomy":"product_cat","embeddable":true,"href":"https:\/\/abinox-chr-clim.com\/index.php\/wp-json\/wp\/v2\/product_cat?post=68689"},{"taxonomy":"product_tag","embeddable":true,"href":"https:\/\/abinox-chr-clim.com\/index.php\/wp-json\/wp\/v2\/product_tag?post=68689"}],"curies":[{"name":"wp","href":"https:\/\/api.w.org\/{rel}","templated":true}]}}