{"id":68688,"date":"2024-03-22T16:15:02","date_gmt":"2024-03-22T15:15:02","guid":{"rendered":"https:\/\/abinox-chr-clim.com\/index.php\/product\/accessoire-bol-sorbetiere-kitchenaid-5ksmicm\/"},"modified":"2026-04-14T10:42:37","modified_gmt":"2026-04-14T08:42:37","slug":"accessoire-bol-sorbetiere-kitchenaid-5ksmicm","status":"publish","type":"product","link":"https:\/\/abinox-chr-clim.com\/index.php\/product\/accessoire-bol-sorbetiere-kitchenaid-5ksmicm\/","title":{"rendered":"Accessoire bol sorbetiere KitchenAid 5KSMICM"},"content":{"rendered":"<p>La capacit\u00e9 de 1,9 L a un temps de barattage rapide, ce qui permet de faire des glaces ou des sorbets en environ 30 minutes. Le bol est pr\u00eat \u00e0 l&#8217;emploi apr\u00e8s 16 heures au cong\u00e9lateur. La palette rotative aide \u00e0 \u00e9taler, gratter et m\u00e9langer pour une cong\u00e9lation uniforme. R\u00e9f\u00e9rence soumise \u00e0 une Eco-participation mobilier de 0.34\u20ac par unit\u00e9 vendue. La palette rotative de la sorbeti\u00e8re m\u00e9lange les ingr\u00e9dients tels que les fruits, les noix, les bonbons et les p\u00e9pites de chocolat.  Les parois doubles contenant du liquide permettent d&rsquo;obtenir des r\u00e9sultats uniformes tout au long du processus de m\u00e9lange. La capacit\u00e9 de 1,9 L a un temps de barattage rapide, ce qui permet de faire des glaces ou des sorbets en environ 30 minutes.<\/p>\n<p>Caract\u00e9ristiques :<br \/> Mati\u00e8re : .<br \/> Couleur : Blanc.<\/p>\n","protected":false},"excerpt":{"rendered":"<p>Accessoire bol sorbetiere KitchenAid 5KSMICM<\/p>\n","protected":false},"featured_media":88777,"comment_status":"closed","ping_status":"closed","template":"","meta":[],"product_brand":[],"product_cat":[1277,1297],"product_tag":[],"class_list":{"0":"post-68688","1":"product","2":"type-product","3":"status-publish","4":"has-post-thumbnail","6":"product_cat-divers-principal","7":"product_cat-non-palettisable","8":"product_shipping_class-free-shipping","10":"first","11":"instock","12":"featured","13":"taxable","14":"shipping-taxable","15":"purchasable","16":"product-type-simple"},"_links":{"self":[{"href":"https:\/\/abinox-chr-clim.com\/index.php\/wp-json\/wp\/v2\/product\/68688","targetHints":{"allow":["GET"]}}],"collection":[{"href":"https:\/\/abinox-chr-clim.com\/index.php\/wp-json\/wp\/v2\/product"}],"about":[{"href":"https:\/\/abinox-chr-clim.com\/index.php\/wp-json\/wp\/v2\/types\/product"}],"replies":[{"embeddable":true,"href":"https:\/\/abinox-chr-clim.com\/index.php\/wp-json\/wp\/v2\/comments?post=68688"}],"wp:featuredmedia":[{"embeddable":true,"href":"https:\/\/abinox-chr-clim.com\/index.php\/wp-json\/wp\/v2\/media\/88777"}],"wp:attachment":[{"href":"https:\/\/abinox-chr-clim.com\/index.php\/wp-json\/wp\/v2\/media?parent=68688"}],"wp:term":[{"taxonomy":"product_brand","embeddable":true,"href":"https:\/\/abinox-chr-clim.com\/index.php\/wp-json\/wp\/v2\/product_brand?post=68688"},{"taxonomy":"product_cat","embeddable":true,"href":"https:\/\/abinox-chr-clim.com\/index.php\/wp-json\/wp\/v2\/product_cat?post=68688"},{"taxonomy":"product_tag","embeddable":true,"href":"https:\/\/abinox-chr-clim.com\/index.php\/wp-json\/wp\/v2\/product_tag?post=68688"}],"curies":[{"name":"wp","href":"https:\/\/api.w.org\/{rel}","templated":true}]}}