{"id":68687,"date":"2024-03-22T16:15:02","date_gmt":"2024-03-22T15:15:02","guid":{"rendered":"https:\/\/abinox-chr-clim.com\/index.php\/product\/papier-cuisson-matfer-bourgeat-exopap-600-x-400-mm-lot-de-500\/"},"modified":"2026-04-14T10:50:46","modified_gmt":"2026-04-14T08:50:46","slug":"papier-cuisson-matfer-bourgeat-exopap-600-x-400-mm-lot-de-500","status":"publish","type":"product","link":"https:\/\/abinox-chr-clim.com\/index.php\/product\/papier-cuisson-matfer-bourgeat-exopap-600-x-400-mm-lot-de-500\/","title":{"rendered":"Papier cuisson Matfer Bourgeat Exopap 600 x 400 mm (lot de 500)"},"content":{"rendered":"<p>Pour cuire, congeler, d\u00e9corer, stocker ou superposer. Peut \u00eatre utilis\u00e9 4 ou 5 fois sur chaque face selon le type de cuisson. -40\u00b0C \/ +220\u00b0C. 600 X 400mm. \u00c9paisseur 41g\/m\u00b2.  Pour cuire, congeler, d\u00e9corer, stocker ou superposer.<\/p>\n<p>Caract\u00e9ristiques :<br \/>Lot : 500.<br \/> Dimensions : 3(H) x 41(L) x 60(P) mm.<br \/> Mati\u00e8re : .<br \/> Couleur : Transparent.<\/p>\n","protected":false},"excerpt":{"rendered":"<p>Papier cuisson Matfer Bourgeat Exopap 600 x 400 mm (lot de 500)<\/p>\n","protected":false},"featured_media":88846,"comment_status":"closed","ping_status":"closed","template":"","meta":[],"product_brand":[],"product_cat":[1277,1297],"product_tag":[],"class_list":{"0":"post-68687","1":"product","2":"type-product","3":"status-publish","4":"has-post-thumbnail","6":"product_cat-divers-principal","7":"product_cat-non-palettisable","8":"product_shipping_class-free-shipping","10":"first","11":"instock","12":"featured","13":"taxable","14":"shipping-taxable","15":"purchasable","16":"product-type-simple"},"_links":{"self":[{"href":"https:\/\/abinox-chr-clim.com\/index.php\/wp-json\/wp\/v2\/product\/68687","targetHints":{"allow":["GET"]}}],"collection":[{"href":"https:\/\/abinox-chr-clim.com\/index.php\/wp-json\/wp\/v2\/product"}],"about":[{"href":"https:\/\/abinox-chr-clim.com\/index.php\/wp-json\/wp\/v2\/types\/product"}],"replies":[{"embeddable":true,"href":"https:\/\/abinox-chr-clim.com\/index.php\/wp-json\/wp\/v2\/comments?post=68687"}],"wp:featuredmedia":[{"embeddable":true,"href":"https:\/\/abinox-chr-clim.com\/index.php\/wp-json\/wp\/v2\/media\/88846"}],"wp:attachment":[{"href":"https:\/\/abinox-chr-clim.com\/index.php\/wp-json\/wp\/v2\/media?parent=68687"}],"wp:term":[{"taxonomy":"product_brand","embeddable":true,"href":"https:\/\/abinox-chr-clim.com\/index.php\/wp-json\/wp\/v2\/product_brand?post=68687"},{"taxonomy":"product_cat","embeddable":true,"href":"https:\/\/abinox-chr-clim.com\/index.php\/wp-json\/wp\/v2\/product_cat?post=68687"},{"taxonomy":"product_tag","embeddable":true,"href":"https:\/\/abinox-chr-clim.com\/index.php\/wp-json\/wp\/v2\/product_tag?post=68687"}],"curies":[{"name":"wp","href":"https:\/\/api.w.org\/{rel}","templated":true}]}}