{"id":68685,"date":"2024-03-22T16:15:01","date_gmt":"2024-03-22T15:15:01","guid":{"rendered":"https:\/\/abinox-chr-clim.com\/index.php\/product\/planche-a-bieres-en-bois-cosy-trendy-11-verres\/"},"modified":"2026-04-14T10:44:38","modified_gmt":"2026-04-14T08:44:38","slug":"planche-a-bieres-en-bois-cosy-trendy-11-verres","status":"publish","type":"product","link":"https:\/\/abinox-chr-clim.com\/index.php\/product\/planche-a-bieres-en-bois-cosy-trendy-11-verres\/","title":{"rendered":"Planche \u00e0 bi\u00e8res en bois Cosy &#038; Trendy 11 verres"},"content":{"rendered":"<p>En bois FSC pour 11 verres.<br \/>Pour 11 verres \u00e0 bi\u00e8re. Pour 11 verres \u00e0 bi\u00e8re.<\/p>\n<p>Caract\u00e9ristiques :<br \/> Dimensions : 95(H) x 1000(L) x 85(P) mm.<br \/> Mati\u00e8re : Bois<\/p>\n","protected":false},"excerpt":{"rendered":"<p>Planche \u00e0 bi\u00e8res en bois Cosy &#038; Trendy 11 verres<\/p>\n","protected":false},"featured_media":88871,"comment_status":"closed","ping_status":"closed","template":"","meta":[],"product_brand":[],"product_cat":[1277,1297],"product_tag":[],"class_list":{"0":"post-68685","1":"product","2":"type-product","3":"status-publish","4":"has-post-thumbnail","6":"product_cat-divers-principal","7":"product_cat-non-palettisable","8":"product_shipping_class-free-shipping","10":"first","11":"instock","12":"featured","13":"taxable","14":"shipping-taxable","15":"purchasable","16":"product-type-simple"},"_links":{"self":[{"href":"https:\/\/abinox-chr-clim.com\/index.php\/wp-json\/wp\/v2\/product\/68685","targetHints":{"allow":["GET"]}}],"collection":[{"href":"https:\/\/abinox-chr-clim.com\/index.php\/wp-json\/wp\/v2\/product"}],"about":[{"href":"https:\/\/abinox-chr-clim.com\/index.php\/wp-json\/wp\/v2\/types\/product"}],"replies":[{"embeddable":true,"href":"https:\/\/abinox-chr-clim.com\/index.php\/wp-json\/wp\/v2\/comments?post=68685"}],"wp:featuredmedia":[{"embeddable":true,"href":"https:\/\/abinox-chr-clim.com\/index.php\/wp-json\/wp\/v2\/media\/88871"}],"wp:attachment":[{"href":"https:\/\/abinox-chr-clim.com\/index.php\/wp-json\/wp\/v2\/media?parent=68685"}],"wp:term":[{"taxonomy":"product_brand","embeddable":true,"href":"https:\/\/abinox-chr-clim.com\/index.php\/wp-json\/wp\/v2\/product_brand?post=68685"},{"taxonomy":"product_cat","embeddable":true,"href":"https:\/\/abinox-chr-clim.com\/index.php\/wp-json\/wp\/v2\/product_cat?post=68685"},{"taxonomy":"product_tag","embeddable":true,"href":"https:\/\/abinox-chr-clim.com\/index.php\/wp-json\/wp\/v2\/product_tag?post=68685"}],"curies":[{"name":"wp","href":"https:\/\/api.w.org\/{rel}","templated":true}]}}