{"id":68684,"date":"2024-03-22T16:15:01","date_gmt":"2024-03-22T15:15:01","guid":{"rendered":"https:\/\/abinox-chr-clim.com\/index.php\/product\/saucieres-utopia-titan-blanches-200-ml-lot-de-6\/"},"modified":"2026-04-14T10:50:44","modified_gmt":"2026-04-14T08:50:44","slug":"saucieres-utopia-titan-blanches-200-ml-lot-de-6","status":"publish","type":"product","link":"https:\/\/abinox-chr-clim.com\/index.php\/product\/saucieres-utopia-titan-blanches-200-ml-lot-de-6\/","title":{"rendered":"Sauci\u00e8res Utopia Titan blanches 200 ml (lot de 6)"},"content":{"rendered":"<p>Produit \u00e0 partir des meilleures mati\u00e8res premi\u00e8res. Conforme \u00e0 la norme britannique sur les articles h\u00f4teliers BS4034.Passe au micro-ondes et au lave-vaisselle. R\u00e9siste au marquage m\u00e9tallique. De la marque sp\u00e9cialis\u00e9e en arts de la table Utopia.  Produit \u00e0 partir des meilleures mati\u00e8res premi\u00e8res.<\/p>\n<p>Caract\u00e9ristiques :<br \/>Lot : 6.<br \/> Capacit\u00e9 : 200 ml.<br \/> Dimensions : 70(H) x 65(L) x 150(P) mm.<br \/> Mati\u00e8re : Porcelaine.<br \/> Couleur : Blanc.<\/p>\n","protected":false},"excerpt":{"rendered":"<p>Sauci\u00e8res Utopia Titan blanches 200 ml (lot de 6)<\/p>\n","protected":false},"featured_media":87261,"comment_status":"closed","ping_status":"closed","template":"","meta":[],"product_brand":[],"product_cat":[1277,1297],"product_tag":[],"class_list":{"0":"post-68684","1":"product","2":"type-product","3":"status-publish","4":"has-post-thumbnail","6":"product_cat-divers-principal","7":"product_cat-non-palettisable","8":"product_shipping_class-free-shipping","10":"first","11":"instock","12":"featured","13":"taxable","14":"shipping-taxable","15":"purchasable","16":"product-type-simple"},"_links":{"self":[{"href":"https:\/\/abinox-chr-clim.com\/index.php\/wp-json\/wp\/v2\/product\/68684","targetHints":{"allow":["GET"]}}],"collection":[{"href":"https:\/\/abinox-chr-clim.com\/index.php\/wp-json\/wp\/v2\/product"}],"about":[{"href":"https:\/\/abinox-chr-clim.com\/index.php\/wp-json\/wp\/v2\/types\/product"}],"replies":[{"embeddable":true,"href":"https:\/\/abinox-chr-clim.com\/index.php\/wp-json\/wp\/v2\/comments?post=68684"}],"wp:featuredmedia":[{"embeddable":true,"href":"https:\/\/abinox-chr-clim.com\/index.php\/wp-json\/wp\/v2\/media\/87261"}],"wp:attachment":[{"href":"https:\/\/abinox-chr-clim.com\/index.php\/wp-json\/wp\/v2\/media?parent=68684"}],"wp:term":[{"taxonomy":"product_brand","embeddable":true,"href":"https:\/\/abinox-chr-clim.com\/index.php\/wp-json\/wp\/v2\/product_brand?post=68684"},{"taxonomy":"product_cat","embeddable":true,"href":"https:\/\/abinox-chr-clim.com\/index.php\/wp-json\/wp\/v2\/product_cat?post=68684"},{"taxonomy":"product_tag","embeddable":true,"href":"https:\/\/abinox-chr-clim.com\/index.php\/wp-json\/wp\/v2\/product_tag?post=68684"}],"curies":[{"name":"wp","href":"https:\/\/api.w.org\/{rel}","templated":true}]}}