{"id":68681,"date":"2024-03-22T16:15:00","date_gmt":"2024-03-22T15:15:00","guid":{"rendered":"https:\/\/abinox-chr-clim.com\/index.php\/product\/cendrier-poteau-en-inox-noir-securit-1m\/"},"modified":"2026-04-14T10:45:28","modified_gmt":"2026-04-14T08:45:28","slug":"cendrier-poteau-en-inox-noir-securit-1m","status":"publish","type":"product","link":"https:\/\/abinox-chr-clim.com\/index.php\/product\/cendrier-poteau-en-inox-noir-securit-1m\/","title":{"rendered":"Cendrier poteau en inox noir Securit 1m"},"content":{"rendered":"<p>Mod\u00e8le \u00e9l\u00e9gant en acier noir, id\u00e9al pour pr\u00e9senter les menus. Fixations incluses. Hauteur 1 350 mm. Lot de six bougies cylindriques de 130 mm vendues s\u00e9par\u00e9ment.<br \/>Se vide facilement et proprement. Fonctionnel et s\u00fbr pour jeter les cigarettes. Facile \u00e0 nettoyer. Facile \u00e0 disposer. Se vide facilement et proprement.<\/p>\n<p>Caract\u00e9ristiques :<br \/> Dimensions : 0(H) x 0(L) x 0(P) mm.<br \/> Mati\u00e8re : M\u00e9tal.<br \/> Couleur : Noir.<\/p>\n","protected":false},"excerpt":{"rendered":"<p>Cendrier poteau en inox noir Securit 1m<\/p>\n","protected":false},"featured_media":105170,"comment_status":"closed","ping_status":"closed","template":"","meta":[],"product_brand":[],"product_cat":[1277,1297],"product_tag":[],"class_list":{"0":"post-68681","1":"product","2":"type-product","3":"status-publish","4":"has-post-thumbnail","6":"product_cat-divers-principal","7":"product_cat-non-palettisable","8":"product_shipping_class-free-shipping","10":"first","11":"outofstock","12":"featured","13":"taxable","14":"shipping-taxable","15":"purchasable","16":"product-type-simple"},"_links":{"self":[{"href":"https:\/\/abinox-chr-clim.com\/index.php\/wp-json\/wp\/v2\/product\/68681","targetHints":{"allow":["GET"]}}],"collection":[{"href":"https:\/\/abinox-chr-clim.com\/index.php\/wp-json\/wp\/v2\/product"}],"about":[{"href":"https:\/\/abinox-chr-clim.com\/index.php\/wp-json\/wp\/v2\/types\/product"}],"replies":[{"embeddable":true,"href":"https:\/\/abinox-chr-clim.com\/index.php\/wp-json\/wp\/v2\/comments?post=68681"}],"wp:featuredmedia":[{"embeddable":true,"href":"https:\/\/abinox-chr-clim.com\/index.php\/wp-json\/wp\/v2\/media\/105170"}],"wp:attachment":[{"href":"https:\/\/abinox-chr-clim.com\/index.php\/wp-json\/wp\/v2\/media?parent=68681"}],"wp:term":[{"taxonomy":"product_brand","embeddable":true,"href":"https:\/\/abinox-chr-clim.com\/index.php\/wp-json\/wp\/v2\/product_brand?post=68681"},{"taxonomy":"product_cat","embeddable":true,"href":"https:\/\/abinox-chr-clim.com\/index.php\/wp-json\/wp\/v2\/product_cat?post=68681"},{"taxonomy":"product_tag","embeddable":true,"href":"https:\/\/abinox-chr-clim.com\/index.php\/wp-json\/wp\/v2\/product_tag?post=68681"}],"curies":[{"name":"wp","href":"https:\/\/api.w.org\/{rel}","templated":true}]}}