{"id":68677,"date":"2024-03-22T16:14:57","date_gmt":"2024-03-22T15:14:57","guid":{"rendered":"https:\/\/abinox-chr-clim.com\/index.php\/product\/feutres-craie-avec-pointe-ronde-biseautee-et-rectangulaire-securit-original-blancs-lot-de-5\/"},"modified":"2026-04-14T10:45:12","modified_gmt":"2026-04-14T08:45:12","slug":"feutres-craie-avec-pointe-ronde-biseautee-et-rectangulaire-securit-original-blancs-lot-de-5","status":"publish","type":"product","link":"https:\/\/abinox-chr-clim.com\/index.php\/product\/feutres-craie-avec-pointe-ronde-biseautee-et-rectangulaire-securit-original-blancs-lot-de-5\/","title":{"rendered":"Feutres craie avec pointe ronde, biseaut\u00e9e et rectangulaire Securit Original blancs (lot de 5)"},"content":{"rendered":"<p>Craie liquide non toxique et tr\u00e8s opaque. Convient \u00e0 toutes les surfaces non poreuses.Facile \u00e0 utiliser. Secouez, pressez la pointe vers le bas, \u00e9crivez ou dessinez, et laissez s\u00e9cher pendant quelques minutes.5 feutres craie blancs.  Craie liquide non toxique et tr\u00e8s opaque.<\/p>\n<p>Caract\u00e9ristiques :<br \/> Dimensions : 0(H) x 0(L) x 0(P) mm.<br \/> Mati\u00e8re : Craie liquide.<br \/> Couleur : Blanc.<\/p>\n","protected":false},"excerpt":{"rendered":"<p>Feutres craie avec pointe ronde, biseaut\u00e9e et rectangulaire Securit Original blancs (lot de 5)<\/p>\n","protected":false},"featured_media":105153,"comment_status":"closed","ping_status":"closed","template":"","meta":[],"product_brand":[],"product_cat":[1277,1297],"product_tag":[],"class_list":{"0":"post-68677","1":"product","2":"type-product","3":"status-publish","4":"has-post-thumbnail","6":"product_cat-divers-principal","7":"product_cat-non-palettisable","8":"product_shipping_class-free-shipping","10":"first","11":"outofstock","12":"featured","13":"taxable","14":"shipping-taxable","15":"purchasable","16":"product-type-simple"},"_links":{"self":[{"href":"https:\/\/abinox-chr-clim.com\/index.php\/wp-json\/wp\/v2\/product\/68677","targetHints":{"allow":["GET"]}}],"collection":[{"href":"https:\/\/abinox-chr-clim.com\/index.php\/wp-json\/wp\/v2\/product"}],"about":[{"href":"https:\/\/abinox-chr-clim.com\/index.php\/wp-json\/wp\/v2\/types\/product"}],"replies":[{"embeddable":true,"href":"https:\/\/abinox-chr-clim.com\/index.php\/wp-json\/wp\/v2\/comments?post=68677"}],"wp:featuredmedia":[{"embeddable":true,"href":"https:\/\/abinox-chr-clim.com\/index.php\/wp-json\/wp\/v2\/media\/105153"}],"wp:attachment":[{"href":"https:\/\/abinox-chr-clim.com\/index.php\/wp-json\/wp\/v2\/media?parent=68677"}],"wp:term":[{"taxonomy":"product_brand","embeddable":true,"href":"https:\/\/abinox-chr-clim.com\/index.php\/wp-json\/wp\/v2\/product_brand?post=68677"},{"taxonomy":"product_cat","embeddable":true,"href":"https:\/\/abinox-chr-clim.com\/index.php\/wp-json\/wp\/v2\/product_cat?post=68677"},{"taxonomy":"product_tag","embeddable":true,"href":"https:\/\/abinox-chr-clim.com\/index.php\/wp-json\/wp\/v2\/product_tag?post=68677"}],"curies":[{"name":"wp","href":"https:\/\/api.w.org\/{rel}","templated":true}]}}