{"id":68676,"date":"2024-03-22T16:14:57","date_gmt":"2024-03-22T15:14:57","guid":{"rendered":"https:\/\/abinox-chr-clim.com\/index.php\/product\/marqueurs-craie-liquide-securit-pointe-1-2mm-couleurs-lot-de-7\/"},"modified":"2026-04-14T10:45:11","modified_gmt":"2026-04-14T08:45:11","slug":"marqueurs-craie-liquide-securit-pointe-1-2mm-couleurs-lot-de-7","status":"publish","type":"product","link":"https:\/\/abinox-chr-clim.com\/index.php\/product\/marqueurs-craie-liquide-securit-pointe-1-2mm-couleurs-lot-de-7\/","title":{"rendered":"Marqueurs craie liquide Securit pointe 1-2mm couleurs (lot de 7)"},"content":{"rendered":"<p>Ne coule pas (lorsqu&rsquo;il est sec) et 100 % r\u00e9sistant \u00e0 la pluie. Facile \u00e0 utiliser : secouez, poussez la pointe vers le bas, \u00e9crivez ou dessinez, et laissez les inscriptions s\u00e9cher pendant quelques minutes.Waterproof. Convient aux surfaces non poreuses. .Ne coule pas (lorsqu&rsquo;il est sec) et 100 % r\u00e9sistant \u00e0 la pluie.<\/p>\n<p>Caract\u00e9ristiques :<br \/> Dimensions : 85(H) x 245(L) x 340(P) mm.<br \/> Mati\u00e8re : Craie liquide.<br \/> Couleur : M\u00e9lange de 2 coloris.<\/p>\n","protected":false},"excerpt":{"rendered":"<p>Marqueurs craie liquide Securit pointe 1-2mm couleurs (lot de 7)<\/p>\n","protected":false},"featured_media":105152,"comment_status":"closed","ping_status":"closed","template":"","meta":[],"product_brand":[],"product_cat":[1277,1297],"product_tag":[],"class_list":{"0":"post-68676","1":"product","2":"type-product","3":"status-publish","4":"has-post-thumbnail","6":"product_cat-divers-principal","7":"product_cat-non-palettisable","8":"product_shipping_class-free-shipping","10":"first","11":"outofstock","12":"featured","13":"taxable","14":"shipping-taxable","15":"purchasable","16":"product-type-simple"},"_links":{"self":[{"href":"https:\/\/abinox-chr-clim.com\/index.php\/wp-json\/wp\/v2\/product\/68676","targetHints":{"allow":["GET"]}}],"collection":[{"href":"https:\/\/abinox-chr-clim.com\/index.php\/wp-json\/wp\/v2\/product"}],"about":[{"href":"https:\/\/abinox-chr-clim.com\/index.php\/wp-json\/wp\/v2\/types\/product"}],"replies":[{"embeddable":true,"href":"https:\/\/abinox-chr-clim.com\/index.php\/wp-json\/wp\/v2\/comments?post=68676"}],"wp:featuredmedia":[{"embeddable":true,"href":"https:\/\/abinox-chr-clim.com\/index.php\/wp-json\/wp\/v2\/media\/105152"}],"wp:attachment":[{"href":"https:\/\/abinox-chr-clim.com\/index.php\/wp-json\/wp\/v2\/media?parent=68676"}],"wp:term":[{"taxonomy":"product_brand","embeddable":true,"href":"https:\/\/abinox-chr-clim.com\/index.php\/wp-json\/wp\/v2\/product_brand?post=68676"},{"taxonomy":"product_cat","embeddable":true,"href":"https:\/\/abinox-chr-clim.com\/index.php\/wp-json\/wp\/v2\/product_cat?post=68676"},{"taxonomy":"product_tag","embeddable":true,"href":"https:\/\/abinox-chr-clim.com\/index.php\/wp-json\/wp\/v2\/product_tag?post=68676"}],"curies":[{"name":"wp","href":"https:\/\/api.w.org\/{rel}","templated":true}]}}