{"id":68675,"date":"2024-03-22T16:14:57","date_gmt":"2024-03-22T15:14:57","guid":{"rendered":"https:\/\/abinox-chr-clim.com\/index.php\/product\/lampe-de-table-ip44-led-dimmable-sans-fil-avec-3-etiquettes-ardoises-securit\/"},"modified":"2026-04-14T10:45:01","modified_gmt":"2026-04-14T08:45:01","slug":"lampe-de-table-ip44-led-dimmable-sans-fil-avec-3-etiquettes-ardoises-securit","status":"publish","type":"product","link":"https:\/\/abinox-chr-clim.com\/index.php\/product\/lampe-de-table-ip44-led-dimmable-sans-fil-avec-3-etiquettes-ardoises-securit\/","title":{"rendered":"Lampe de table IP44 LED dimmable sans fil avec 3 \u00e9tiquettes ardoises Securit"},"content":{"rendered":"<p>Design sans fil r\u00e9sistant \u00e0 l&rsquo;eau. Avec trois ardoises \u00e9tiquettes amovibles. Batterie autonomie 20 heures facile \u00e0 recharger gr\u00e2ce au c\u00e2ble USB inclus. Utilisation int\u00e9rieure et ext\u00e9rieure.<br \/>La lampe de table avec socle noir poss\u00e8de une LED int\u00e9gr\u00e9e et une batterie d&rsquo;une dur\u00e9e de vie de 20 heures max.R\u00e9siste \u00e0 l&rsquo;eau &#8211; IP44 (humidit\u00e9 ext\u00e9rieure\/projections d&rsquo;eau). Mat\u00e9riaux de la lampe et ardoises faciles \u00e0 nettoyer. La conception sans fil facilite le d\u00e9placement, id\u00e9al pour l&rsquo;int\u00e9rieur et l&rsquo;ext\u00e9rieur. La lampe de table avec socle noir poss\u00e8de une LED int\u00e9gr\u00e9e et une batterie d&rsquo;une dur\u00e9e de vie de 20 heures max. .<br \/> Caract\u00e9ristiques :<br \/> Dimensions : 0(H) x 0(L) x 0(P) mm.<br \/> Mati\u00e8re : M\u00e9tal et plastique.<br \/> Couleur : Noir.<\/p>\n","protected":false},"excerpt":{"rendered":"<p>Lampe de table IP44 LED dimmable sans fil avec 3 \u00e9tiquettes ardoises Securit<\/p>\n","protected":false},"featured_media":105141,"comment_status":"closed","ping_status":"closed","template":"","meta":[],"product_brand":[],"product_cat":[1277,1297],"product_tag":[],"class_list":{"0":"post-68675","1":"product","2":"type-product","3":"status-publish","4":"has-post-thumbnail","6":"product_cat-divers-principal","7":"product_cat-non-palettisable","8":"product_shipping_class-free-shipping","10":"first","11":"instock","12":"featured","13":"taxable","14":"shipping-taxable","15":"purchasable","16":"product-type-simple"},"_links":{"self":[{"href":"https:\/\/abinox-chr-clim.com\/index.php\/wp-json\/wp\/v2\/product\/68675","targetHints":{"allow":["GET"]}}],"collection":[{"href":"https:\/\/abinox-chr-clim.com\/index.php\/wp-json\/wp\/v2\/product"}],"about":[{"href":"https:\/\/abinox-chr-clim.com\/index.php\/wp-json\/wp\/v2\/types\/product"}],"replies":[{"embeddable":true,"href":"https:\/\/abinox-chr-clim.com\/index.php\/wp-json\/wp\/v2\/comments?post=68675"}],"wp:featuredmedia":[{"embeddable":true,"href":"https:\/\/abinox-chr-clim.com\/index.php\/wp-json\/wp\/v2\/media\/105141"}],"wp:attachment":[{"href":"https:\/\/abinox-chr-clim.com\/index.php\/wp-json\/wp\/v2\/media?parent=68675"}],"wp:term":[{"taxonomy":"product_brand","embeddable":true,"href":"https:\/\/abinox-chr-clim.com\/index.php\/wp-json\/wp\/v2\/product_brand?post=68675"},{"taxonomy":"product_cat","embeddable":true,"href":"https:\/\/abinox-chr-clim.com\/index.php\/wp-json\/wp\/v2\/product_cat?post=68675"},{"taxonomy":"product_tag","embeddable":true,"href":"https:\/\/abinox-chr-clim.com\/index.php\/wp-json\/wp\/v2\/product_tag?post=68675"}],"curies":[{"name":"wp","href":"https:\/\/api.w.org\/{rel}","templated":true}]}}