{"id":68669,"date":"2024-03-22T16:14:55","date_gmt":"2024-03-22T15:14:55","guid":{"rendered":"https:\/\/abinox-chr-clim.com\/index.php\/product\/marqueur-craie-waterproof-securit-verre-ardoise-pointe-2-6mm-bleu\/"},"modified":"2026-04-14T10:44:48","modified_gmt":"2026-04-14T08:44:48","slug":"marqueur-craie-waterproof-securit-verre-ardoise-pointe-2-6mm-bleu","status":"publish","type":"product","link":"https:\/\/abinox-chr-clim.com\/index.php\/product\/marqueur-craie-waterproof-securit-verre-ardoise-pointe-2-6mm-bleu\/","title":{"rendered":"Marqueur craie waterproof Securit (verre+ ardoise) pointe 2-6mm bleu"},"content":{"rendered":"<p>Ne coule pas (lorsqu&rsquo;il est sec) et 100 % r\u00e9sistant \u00e0 la pluie. Facile \u00e0 utiliser : secouez, poussez la pointe vers le bas, \u00e9crivez ou dessinez, et laissez les inscriptions s\u00e9cher pendant quelques minutes.Waterproof. Convient aux surfaces non poreuses. .Ne coule pas (lorsqu&rsquo;il est sec) et 100 % r\u00e9sistant \u00e0 la pluie.<\/p>\n<p>Caract\u00e9ristiques :<br \/> Dimensions : 135(H) x 430(L) x 154(P) mm.<br \/> Mati\u00e8re : Craie liquide.<br \/> Couleur : Bleu.<\/p>\n","protected":false},"excerpt":{"rendered":"<p>Marqueur craie waterproof Securit (verre+ ardoise) pointe 2-6mm bleu<\/p>\n","protected":false},"featured_media":105128,"comment_status":"closed","ping_status":"closed","template":"","meta":[],"product_brand":[],"product_cat":[1277,1297],"product_tag":[],"class_list":{"0":"post-68669","1":"product","2":"type-product","3":"status-publish","4":"has-post-thumbnail","6":"product_cat-divers-principal","7":"product_cat-non-palettisable","8":"product_shipping_class-free-shipping","10":"first","11":"outofstock","12":"featured","13":"taxable","14":"shipping-taxable","15":"purchasable","16":"product-type-simple"},"_links":{"self":[{"href":"https:\/\/abinox-chr-clim.com\/index.php\/wp-json\/wp\/v2\/product\/68669","targetHints":{"allow":["GET"]}}],"collection":[{"href":"https:\/\/abinox-chr-clim.com\/index.php\/wp-json\/wp\/v2\/product"}],"about":[{"href":"https:\/\/abinox-chr-clim.com\/index.php\/wp-json\/wp\/v2\/types\/product"}],"replies":[{"embeddable":true,"href":"https:\/\/abinox-chr-clim.com\/index.php\/wp-json\/wp\/v2\/comments?post=68669"}],"wp:featuredmedia":[{"embeddable":true,"href":"https:\/\/abinox-chr-clim.com\/index.php\/wp-json\/wp\/v2\/media\/105128"}],"wp:attachment":[{"href":"https:\/\/abinox-chr-clim.com\/index.php\/wp-json\/wp\/v2\/media?parent=68669"}],"wp:term":[{"taxonomy":"product_brand","embeddable":true,"href":"https:\/\/abinox-chr-clim.com\/index.php\/wp-json\/wp\/v2\/product_brand?post=68669"},{"taxonomy":"product_cat","embeddable":true,"href":"https:\/\/abinox-chr-clim.com\/index.php\/wp-json\/wp\/v2\/product_cat?post=68669"},{"taxonomy":"product_tag","embeddable":true,"href":"https:\/\/abinox-chr-clim.com\/index.php\/wp-json\/wp\/v2\/product_tag?post=68669"}],"curies":[{"name":"wp","href":"https:\/\/api.w.org\/{rel}","templated":true}]}}