{"id":68664,"date":"2024-03-22T16:14:54","date_gmt":"2024-03-22T15:14:54","guid":{"rendered":"https:\/\/abinox-chr-clim.com\/index.php\/product\/conteneur-isotherme-gn-1-1-thermo-future-premium-61l\/"},"modified":"2026-04-14T10:43:25","modified_gmt":"2026-04-14T08:43:25","slug":"conteneur-isotherme-gn-1-1-thermo-future-premium-61l","status":"publish","type":"product","link":"https:\/\/abinox-chr-clim.com\/index.php\/product\/conteneur-isotherme-gn-1-1-thermo-future-premium-61l\/","title":{"rendered":"Conteneur isotherme GN 1\/1 Thermo Future Premium 61L"},"content":{"rendered":"<p>Dimensions int\u00e9rieures 400(H) x 538(L) x 337(P) mm. 2 espaces \u00e9tiquette int\u00e9gr\u00e9s. Poign\u00e9es ergonomiques pour un transport confortable. Durable, l\u00e9ger et \u00e9cologique. Empilable. Conteneur avec couvercle.  Dimensions int\u00e9rieures 400(H) x 538(L) x 337(P) mm.<\/p>\n<p>Caract\u00e9ristiques :<br \/> Capacit\u00e9 : 61 L.<br \/> Dimensions : 400(H) x 400(L) mm.<br \/> Mati\u00e8re : Polypropyl\u00e8ne expans\u00e9.<br \/> Couleur : Noir.<\/p>\n","protected":false},"excerpt":{"rendered":"<p>Conteneur isotherme GN 1\/1 Thermo Future Premium 61L<\/p>\n","protected":false},"featured_media":86889,"comment_status":"closed","ping_status":"closed","template":"","meta":[],"product_brand":[],"product_cat":[1277,1297],"product_tag":[],"class_list":{"0":"post-68664","1":"product","2":"type-product","3":"status-publish","4":"has-post-thumbnail","6":"product_cat-divers-principal","7":"product_cat-non-palettisable","8":"product_shipping_class-free-shipping","10":"first","11":"outofstock","12":"featured","13":"taxable","14":"shipping-taxable","15":"purchasable","16":"product-type-simple"},"_links":{"self":[{"href":"https:\/\/abinox-chr-clim.com\/index.php\/wp-json\/wp\/v2\/product\/68664","targetHints":{"allow":["GET"]}}],"collection":[{"href":"https:\/\/abinox-chr-clim.com\/index.php\/wp-json\/wp\/v2\/product"}],"about":[{"href":"https:\/\/abinox-chr-clim.com\/index.php\/wp-json\/wp\/v2\/types\/product"}],"replies":[{"embeddable":true,"href":"https:\/\/abinox-chr-clim.com\/index.php\/wp-json\/wp\/v2\/comments?post=68664"}],"wp:featuredmedia":[{"embeddable":true,"href":"https:\/\/abinox-chr-clim.com\/index.php\/wp-json\/wp\/v2\/media\/86889"}],"wp:attachment":[{"href":"https:\/\/abinox-chr-clim.com\/index.php\/wp-json\/wp\/v2\/media?parent=68664"}],"wp:term":[{"taxonomy":"product_brand","embeddable":true,"href":"https:\/\/abinox-chr-clim.com\/index.php\/wp-json\/wp\/v2\/product_brand?post=68664"},{"taxonomy":"product_cat","embeddable":true,"href":"https:\/\/abinox-chr-clim.com\/index.php\/wp-json\/wp\/v2\/product_cat?post=68664"},{"taxonomy":"product_tag","embeddable":true,"href":"https:\/\/abinox-chr-clim.com\/index.php\/wp-json\/wp\/v2\/product_tag?post=68664"}],"curies":[{"name":"wp","href":"https:\/\/api.w.org\/{rel}","templated":true}]}}