{"id":68662,"date":"2024-03-22T16:14:54","date_gmt":"2024-03-22T15:14:54","guid":{"rendered":"https:\/\/abinox-chr-clim.com\/index.php\/product\/kit-thermometre-alimentaire-comark-c42c\/"},"modified":"2026-04-14T10:49:22","modified_gmt":"2026-04-14T08:49:22","slug":"kit-thermometre-alimentaire-comark-c42c","status":"publish","type":"product","link":"https:\/\/abinox-chr-clim.com\/index.php\/product\/kit-thermometre-alimentaire-comark-c42c\/","title":{"rendered":"Kit thermom\u00e8tre alimentaire Comark C42C"},"content":{"rendered":"<p>Les thermom\u00e8tres Comark fournissent des lectures de temp\u00e9rature rapides et fiables.<br \/>Comprend 1 sonde de p\u00e9n\u00e9tration \u00e0 thermistance PX22L et 1 sonde \u00e0 air AX24L. Plage de temp\u00e9rature : Thermocouple : -200\u00b0C \u00e0 +400\u00b0C. Thermistance : -50\u00b0C \u00e0 +150\u00b0C. Bo\u00eetier robuste et \u00e9tanche (IP65\/67). Fonction Max\/min et maintien avec alarme temp\u00e9rature haute\/basse et minuteur. Autonomie exceptionnelle des piles allant jusqu&rsquo;\u00e0 5 000 heures (piles AA rempla\u00e7ables par l&rsquo;utilisateur). R\u00e9solution de temp\u00e9rature de 0,1\u00b0C\/0,2\u00b0F.  Comprend 1 sonde de p\u00e9n\u00e9tration \u00e0 thermistance PX22L et 1 sonde \u00e0 air AX24L.<\/p>\n<p>Caract\u00e9ristiques :<br \/> Mati\u00e8re : Plastique.<br \/> Couleur : Bleu.<\/p>\n","protected":false},"excerpt":{"rendered":"<p>Kit thermom\u00e8tre alimentaire Comark C42C<\/p>\n","protected":false},"featured_media":86885,"comment_status":"closed","ping_status":"closed","template":"","meta":[],"product_brand":[],"product_cat":[1277,1297],"product_tag":[],"class_list":{"0":"post-68662","1":"product","2":"type-product","3":"status-publish","4":"has-post-thumbnail","6":"product_cat-divers-principal","7":"product_cat-non-palettisable","8":"product_shipping_class-free-shipping","10":"first","11":"outofstock","12":"featured","13":"taxable","14":"shipping-taxable","15":"purchasable","16":"product-type-simple"},"_links":{"self":[{"href":"https:\/\/abinox-chr-clim.com\/index.php\/wp-json\/wp\/v2\/product\/68662","targetHints":{"allow":["GET"]}}],"collection":[{"href":"https:\/\/abinox-chr-clim.com\/index.php\/wp-json\/wp\/v2\/product"}],"about":[{"href":"https:\/\/abinox-chr-clim.com\/index.php\/wp-json\/wp\/v2\/types\/product"}],"replies":[{"embeddable":true,"href":"https:\/\/abinox-chr-clim.com\/index.php\/wp-json\/wp\/v2\/comments?post=68662"}],"wp:featuredmedia":[{"embeddable":true,"href":"https:\/\/abinox-chr-clim.com\/index.php\/wp-json\/wp\/v2\/media\/86885"}],"wp:attachment":[{"href":"https:\/\/abinox-chr-clim.com\/index.php\/wp-json\/wp\/v2\/media?parent=68662"}],"wp:term":[{"taxonomy":"product_brand","embeddable":true,"href":"https:\/\/abinox-chr-clim.com\/index.php\/wp-json\/wp\/v2\/product_brand?post=68662"},{"taxonomy":"product_cat","embeddable":true,"href":"https:\/\/abinox-chr-clim.com\/index.php\/wp-json\/wp\/v2\/product_cat?post=68662"},{"taxonomy":"product_tag","embeddable":true,"href":"https:\/\/abinox-chr-clim.com\/index.php\/wp-json\/wp\/v2\/product_tag?post=68662"}],"curies":[{"name":"wp","href":"https:\/\/api.w.org\/{rel}","templated":true}]}}