{"id":68661,"date":"2024-03-22T16:14:53","date_gmt":"2024-03-22T15:14:53","guid":{"rendered":"https:\/\/abinox-chr-clim.com\/index.php\/product\/filtre-a-huile-de-friture-automatique-buffalo\/"},"modified":"2026-04-14T10:48:25","modified_gmt":"2026-04-14T08:48:25","slug":"filtre-a-huile-de-friture-automatique-buffalo","status":"publish","type":"product","link":"https:\/\/abinox-chr-clim.com\/index.php\/product\/filtre-a-huile-de-friture-automatique-buffalo\/","title":{"rendered":"Filtre \u00e0 huile de friture automatique Buffalo"},"content":{"rendered":"<p>Un moyen rapide et efficace de prolonger l&rsquo;utilisation de d&rsquo;huile de cuisson jusqu&rsquo;\u00e0 60 %. Posez simplement la machine de filtration dans la cuve d&rsquo;huile et allumez-la. Cette technologie intelligente \u00e9limine rapidement les contaminants et les d\u00e9bris dans un filtre en papier jetable, laissant l&rsquo;huile propre et pr\u00eate \u00e0 \u00eatre r\u00e9utilis\u00e9e imm\u00e9diatement.<br \/>N\u00e9cessite les filtres \u00e0 huile en papier CU788 pour fonctionner. Base et unit\u00e9 de filtre \u00e0 pompe lavables au lave-vaisselle pour un nettoyage facile. Aide \u00e0 am\u00e9liorer l&rsquo;apparence et la qualit\u00e9 des aliments frits. R\u00e9f\u00e9rence soumise \u00e0 une Eco-participation mobilier de 0.43\u20ac par unit\u00e9 vendue. Prolonge la dur\u00e9e de vie de l&rsquo;huile de cuisson jusqu&rsquo;\u00e0 60\u00a0%. Fabriqu\u00e9 en Allemagne &#8211; Homologu\u00e9 CE. Rapide et facile \u00e0 utiliser avec un cycle de 5 minutes. Filtres jusqu&rsquo;\u00e0 5 microns. Convient \u00e0 toutes les friteuses \u00e0 gaz et \u00e9lectriques autonomes d&rsquo;une capacit\u00e9 de 10 litres et plus. Filtre l&rsquo;huile lorsqu&rsquo;elle est chaude (170\u00b0C) &#8211; pas besoin de la refroidir avant la filtration &#8211; utilisable imm\u00e9diatement apr\u00e8s. N\u00e9cessite les filtres \u00e0 huile en papier CU788 pour fonctionner.<\/p>\n<p>Caract\u00e9ristiques :<br \/> Dimensions : 542(H) x 195(L) x 313(P) mm.<br \/> Mati\u00e8re : Inox.<br \/> Couleur : Argent.<\/p>\n","protected":false},"excerpt":{"rendered":"<p>Filtre \u00e0 huile de friture automatique Buffalo<\/p>\n","protected":false},"featured_media":86822,"comment_status":"closed","ping_status":"closed","template":"","meta":[],"product_brand":[],"product_cat":[1277,1297],"product_tag":[],"class_list":{"0":"post-68661","1":"product","2":"type-product","3":"status-publish","4":"has-post-thumbnail","6":"product_cat-divers-principal","7":"product_cat-non-palettisable","8":"product_shipping_class-free-shipping","10":"first","11":"instock","12":"featured","13":"taxable","14":"shipping-taxable","15":"purchasable","16":"product-type-simple"},"_links":{"self":[{"href":"https:\/\/abinox-chr-clim.com\/index.php\/wp-json\/wp\/v2\/product\/68661","targetHints":{"allow":["GET"]}}],"collection":[{"href":"https:\/\/abinox-chr-clim.com\/index.php\/wp-json\/wp\/v2\/product"}],"about":[{"href":"https:\/\/abinox-chr-clim.com\/index.php\/wp-json\/wp\/v2\/types\/product"}],"replies":[{"embeddable":true,"href":"https:\/\/abinox-chr-clim.com\/index.php\/wp-json\/wp\/v2\/comments?post=68661"}],"wp:featuredmedia":[{"embeddable":true,"href":"https:\/\/abinox-chr-clim.com\/index.php\/wp-json\/wp\/v2\/media\/86822"}],"wp:attachment":[{"href":"https:\/\/abinox-chr-clim.com\/index.php\/wp-json\/wp\/v2\/media?parent=68661"}],"wp:term":[{"taxonomy":"product_brand","embeddable":true,"href":"https:\/\/abinox-chr-clim.com\/index.php\/wp-json\/wp\/v2\/product_brand?post=68661"},{"taxonomy":"product_cat","embeddable":true,"href":"https:\/\/abinox-chr-clim.com\/index.php\/wp-json\/wp\/v2\/product_cat?post=68661"},{"taxonomy":"product_tag","embeddable":true,"href":"https:\/\/abinox-chr-clim.com\/index.php\/wp-json\/wp\/v2\/product_tag?post=68661"}],"curies":[{"name":"wp","href":"https:\/\/api.w.org\/{rel}","templated":true}]}}