{"id":68658,"date":"2024-03-22T16:14:52","date_gmt":"2024-03-22T15:14:52","guid":{"rendered":"https:\/\/abinox-chr-clim.com\/index.php\/product\/pots-a-sauce-micro-ondables-en-plastique-fiesta-recyclable-100ml-lot-de-100\/"},"modified":"2026-04-14T10:39:38","modified_gmt":"2026-04-14T08:39:38","slug":"pots-a-sauce-micro-ondables-en-plastique-fiesta-recyclable-100ml-lot-de-100","status":"publish","type":"product","link":"https:\/\/abinox-chr-clim.com\/index.php\/product\/pots-a-sauce-micro-ondables-en-plastique-fiesta-recyclable-100ml-lot-de-100\/","title":{"rendered":"Pots \u00e0 sauce micro-ondables en plastique Fiesta Recyclable 100ml (lot de 100)"},"content":{"rendered":"<p>Pot en plastique transparent, id\u00e9al pour portionner les vinaigrettes et les sauces.<br \/>Ces pots \u00e0 sauce sont fabriqu\u00e9s \u00e0 partir de polypropyl\u00e8ne r\u00e9sistant qui r\u00e9duit les d\u00e9versements.Le mat\u00e9riau solide maintient vos sauces en s\u00e9curit\u00e9 pendant le transport. Les pots \u00e0 sauce peuvent \u00eatre recycl\u00e9s s&rsquo;ils ne sont pas tr\u00e8s sales, ce qui r\u00e9duit les d\u00e9chets d&rsquo;enfouissement. Les pots peuvent \u00eatre empil\u00e9s pour un rangement pratique et peu encombrant. Le mat\u00e9riau transparent garantit une excellente visibilit\u00e9 du produit. Les pots passent au micro-ondes \u00e0 des temp\u00e9ratures allant jusqu&rsquo;\u00e0 80\u00b0C. Ces pots peuvent \u00e9galement \u00eatre utilis\u00e9s au cong\u00e9lateur \u00e0 des temp\u00e9ratures aussi basses que -18\u00b0C. Ces pots sont adapt\u00e9s contact alimentaire. Ces pots ne vont pas au four. Parfait pour servir des sauces chaudes ou froides. Les pots peuvent \u00eatre utilis\u00e9s pour servir des \u00e9chantillons. \u00c0 utiliser avec les couvercles pour pots \u00e0 sauce assortis (CS158 &#8211; vendus s\u00e9par\u00e9ment). Ces pots \u00e0 sauce sont fabriqu\u00e9s \u00e0 partir de polypropyl\u00e8ne r\u00e9sistant qui r\u00e9duit les d\u00e9versements. .<br \/> Caract\u00e9ristiques :<br \/>Lot : 100.<br \/> Capacit\u00e9 : 10 cl.<br \/> Dimensions : 48(H) x 74(\u00d8) mm.<br \/> Mati\u00e8re : Polypropyl\u00e8ne.<br \/> Couleur : Transparent.<\/p>\n","protected":false},"excerpt":{"rendered":"<p>Pots \u00e0 sauce micro-ondables en plastique Fiesta Recyclable 100ml (lot de 100)<\/p>\n","protected":false},"featured_media":103257,"comment_status":"closed","ping_status":"closed","template":"","meta":[],"product_brand":[],"product_cat":[1277,1297],"product_tag":[],"class_list":{"0":"post-68658","1":"product","2":"type-product","3":"status-publish","4":"has-post-thumbnail","6":"product_cat-divers-principal","7":"product_cat-non-palettisable","8":"product_shipping_class-free-shipping","10":"first","11":"instock","12":"featured","13":"taxable","14":"shipping-taxable","15":"purchasable","16":"product-type-simple"},"_links":{"self":[{"href":"https:\/\/abinox-chr-clim.com\/index.php\/wp-json\/wp\/v2\/product\/68658","targetHints":{"allow":["GET"]}}],"collection":[{"href":"https:\/\/abinox-chr-clim.com\/index.php\/wp-json\/wp\/v2\/product"}],"about":[{"href":"https:\/\/abinox-chr-clim.com\/index.php\/wp-json\/wp\/v2\/types\/product"}],"replies":[{"embeddable":true,"href":"https:\/\/abinox-chr-clim.com\/index.php\/wp-json\/wp\/v2\/comments?post=68658"}],"wp:featuredmedia":[{"embeddable":true,"href":"https:\/\/abinox-chr-clim.com\/index.php\/wp-json\/wp\/v2\/media\/103257"}],"wp:attachment":[{"href":"https:\/\/abinox-chr-clim.com\/index.php\/wp-json\/wp\/v2\/media?parent=68658"}],"wp:term":[{"taxonomy":"product_brand","embeddable":true,"href":"https:\/\/abinox-chr-clim.com\/index.php\/wp-json\/wp\/v2\/product_brand?post=68658"},{"taxonomy":"product_cat","embeddable":true,"href":"https:\/\/abinox-chr-clim.com\/index.php\/wp-json\/wp\/v2\/product_cat?post=68658"},{"taxonomy":"product_tag","embeddable":true,"href":"https:\/\/abinox-chr-clim.com\/index.php\/wp-json\/wp\/v2\/product_tag?post=68658"}],"curies":[{"name":"wp","href":"https:\/\/api.w.org\/{rel}","templated":true}]}}