{"id":68656,"date":"2024-03-22T16:14:52","date_gmt":"2024-03-22T15:14:52","guid":{"rendered":"https:\/\/abinox-chr-clim.com\/index.php\/product\/housse-de-table-a-repasser-elastique\/"},"modified":"2026-04-14T10:50:30","modified_gmt":"2026-04-14T08:50:30","slug":"housse-de-table-a-repasser-elastique","status":"publish","type":"product","link":"https:\/\/abinox-chr-clim.com\/index.php\/product\/housse-de-table-a-repasser-elastique\/","title":{"rendered":"Housse de table \u00e0 repasser \u00e9lastique"},"content":{"rendered":"<p>Housse \u00e9lastique facile \u00e0 installer. 100 % coton avec rembourrage en feutre. Surface de recouvrement 1300 x 500 mm. Convient aux planches jusqu&rsquo;\u00e0 1320 x 440 mm. Sac de transport fourni. Un des trois mod\u00e8les.  Housse \u00e9lastique facile \u00e0 installer.<\/p>\n<p>Caract\u00e9ristiques :<br \/> Dimensions : 500(L) x 1300(L) mm.<br \/> Mati\u00e8re : Coton.<br \/> Couleur : A motifs.<\/p>\n","protected":false},"excerpt":{"rendered":"<p>Housse de table \u00e0 repasser \u00e9lastique<\/p>\n","protected":false},"featured_media":86115,"comment_status":"closed","ping_status":"closed","template":"","meta":[],"product_brand":[],"product_cat":[1277,1297],"product_tag":[],"class_list":{"0":"post-68656","1":"product","2":"type-product","3":"status-publish","4":"has-post-thumbnail","6":"product_cat-divers-principal","7":"product_cat-non-palettisable","8":"product_shipping_class-free-shipping","10":"first","11":"outofstock","12":"featured","13":"taxable","14":"shipping-taxable","15":"purchasable","16":"product-type-simple"},"_links":{"self":[{"href":"https:\/\/abinox-chr-clim.com\/index.php\/wp-json\/wp\/v2\/product\/68656","targetHints":{"allow":["GET"]}}],"collection":[{"href":"https:\/\/abinox-chr-clim.com\/index.php\/wp-json\/wp\/v2\/product"}],"about":[{"href":"https:\/\/abinox-chr-clim.com\/index.php\/wp-json\/wp\/v2\/types\/product"}],"replies":[{"embeddable":true,"href":"https:\/\/abinox-chr-clim.com\/index.php\/wp-json\/wp\/v2\/comments?post=68656"}],"wp:featuredmedia":[{"embeddable":true,"href":"https:\/\/abinox-chr-clim.com\/index.php\/wp-json\/wp\/v2\/media\/86115"}],"wp:attachment":[{"href":"https:\/\/abinox-chr-clim.com\/index.php\/wp-json\/wp\/v2\/media?parent=68656"}],"wp:term":[{"taxonomy":"product_brand","embeddable":true,"href":"https:\/\/abinox-chr-clim.com\/index.php\/wp-json\/wp\/v2\/product_brand?post=68656"},{"taxonomy":"product_cat","embeddable":true,"href":"https:\/\/abinox-chr-clim.com\/index.php\/wp-json\/wp\/v2\/product_cat?post=68656"},{"taxonomy":"product_tag","embeddable":true,"href":"https:\/\/abinox-chr-clim.com\/index.php\/wp-json\/wp\/v2\/product_tag?post=68656"}],"curies":[{"name":"wp","href":"https:\/\/api.w.org\/{rel}","templated":true}]}}