{"id":68654,"date":"2024-03-22T16:14:51","date_gmt":"2024-03-22T15:14:51","guid":{"rendered":"https:\/\/abinox-chr-clim.com\/index.php\/product\/doseur-versement-rapide-beaumont-lot-de-12\/"},"modified":"2025-11-11T10:28:59","modified_gmt":"2025-11-11T09:28:59","slug":"doseur-versement-rapide-beaumont-lot-de-12","status":"publish","type":"product","link":"https:\/\/abinox-chr-clim.com\/index.php\/product\/doseur-versement-rapide-beaumont-lot-de-12\/","title":{"rendered":"Doseur versement rapide Beaumont (lot de 12)"},"content":{"rendered":"<p>Un verseur extra-large qui s&rsquo;adapte \u00e0 une grande vari\u00e9t\u00e9 de bouteilles.<br \/>Versement rapide. Convient \u00e0 une grande vari\u00e9t\u00e9 de bouteilles. Convient pour verser de l&rsquo;huile d&rsquo;olive. Antigoutte. Versement r\u00e9gulier.Num\u00e9ro de mod\u00e8le du fournisseur\u00a0: 3040P. Versement rapide.<\/p>\n<p>Caract\u00e9ristiques :<br \/>Lot : 12.<br \/> Dimensions : 190(L) x 30(P) mm.<br \/> Mati\u00e8re : Inox.<br \/> Couleur : Argent.<\/p>\n","protected":false},"excerpt":{"rendered":"<p>Doseur versement rapide Beaumont (lot de 12)<\/p>\n","protected":false},"featured_media":102888,"comment_status":"closed","ping_status":"closed","template":"","meta":[],"product_brand":[],"product_cat":[1277,1297],"product_tag":[],"class_list":{"0":"post-68654","1":"product","2":"type-product","3":"status-publish","4":"has-post-thumbnail","6":"product_cat-divers-principal","7":"product_cat-non-palettisable","8":"product_shipping_class-free-shipping","10":"first","11":"outofstock","12":"featured","13":"taxable","14":"shipping-taxable","15":"purchasable","16":"product-type-simple"},"_links":{"self":[{"href":"https:\/\/abinox-chr-clim.com\/index.php\/wp-json\/wp\/v2\/product\/68654","targetHints":{"allow":["GET"]}}],"collection":[{"href":"https:\/\/abinox-chr-clim.com\/index.php\/wp-json\/wp\/v2\/product"}],"about":[{"href":"https:\/\/abinox-chr-clim.com\/index.php\/wp-json\/wp\/v2\/types\/product"}],"replies":[{"embeddable":true,"href":"https:\/\/abinox-chr-clim.com\/index.php\/wp-json\/wp\/v2\/comments?post=68654"}],"wp:featuredmedia":[{"embeddable":true,"href":"https:\/\/abinox-chr-clim.com\/index.php\/wp-json\/wp\/v2\/media\/102888"}],"wp:attachment":[{"href":"https:\/\/abinox-chr-clim.com\/index.php\/wp-json\/wp\/v2\/media?parent=68654"}],"wp:term":[{"taxonomy":"product_brand","embeddable":true,"href":"https:\/\/abinox-chr-clim.com\/index.php\/wp-json\/wp\/v2\/product_brand?post=68654"},{"taxonomy":"product_cat","embeddable":true,"href":"https:\/\/abinox-chr-clim.com\/index.php\/wp-json\/wp\/v2\/product_cat?post=68654"},{"taxonomy":"product_tag","embeddable":true,"href":"https:\/\/abinox-chr-clim.com\/index.php\/wp-json\/wp\/v2\/product_tag?post=68654"}],"curies":[{"name":"wp","href":"https:\/\/api.w.org\/{rel}","templated":true}]}}