{"id":68653,"date":"2024-03-22T16:14:51","date_gmt":"2024-03-22T15:14:51","guid":{"rendered":"https:\/\/abinox-chr-clim.com\/index.php\/product\/autocuiseur-artame-23l\/"},"modified":"2026-04-14T10:39:32","modified_gmt":"2026-04-14T08:39:32","slug":"autocuiseur-artame-23l","status":"publish","type":"product","link":"https:\/\/abinox-chr-clim.com\/index.php\/product\/autocuiseur-artame-23l\/","title":{"rendered":"Autocuiseur Artame 23L"},"content":{"rendered":"<p>Pr\u00e9serve les nutriments et les couleurs, pour des aliments plus savoureux. Compatible induction.<br \/>Capacit\u00e9 interne g\u00e9n\u00e9reuse &#8211; cuisinez plus en m\u00eame temps. R\u00e9duit consid\u00e9rablement les temps de cuisson &#8211; jusqu&rsquo;\u00e0 16 fois plus rapide pour certains aliments. Permet aux aliments de conserver leurs saveurs et leurs nutriments. Parfait pour attendrir les morceaux de viande les moins chers. Convient \u00e0 la plupart des plaques de cuisson, y compris les plaques \u00e9lectriques, gaz et induction. Peut \u00eatre ouvert et ferm\u00e9 d&rsquo;une seule main.  Capacit\u00e9 interne g\u00e9n\u00e9reuse &#8211; cuisinez plus en m\u00eame temps.<\/p>\n<p>Caract\u00e9ristiques :<br \/> Capacit\u00e9 : 23 L.<br \/> Dimensions : 295(H) x 320(\u00d8) mm.<br \/> Mati\u00e8re : Inox.<br \/> Couleur : Acier inoxydable et noir.<\/p>\n","protected":false},"excerpt":{"rendered":"<p>Autocuiseur Artame 23L<\/p>\n","protected":false},"featured_media":84758,"comment_status":"closed","ping_status":"closed","template":"","meta":[],"product_brand":[],"product_cat":[1277,1297],"product_tag":[],"class_list":{"0":"post-68653","1":"product","2":"type-product","3":"status-publish","4":"has-post-thumbnail","6":"product_cat-divers-principal","7":"product_cat-non-palettisable","8":"product_shipping_class-free-shipping","10":"first","11":"instock","12":"featured","13":"taxable","14":"shipping-taxable","15":"purchasable","16":"product-type-simple"},"_links":{"self":[{"href":"https:\/\/abinox-chr-clim.com\/index.php\/wp-json\/wp\/v2\/product\/68653","targetHints":{"allow":["GET"]}}],"collection":[{"href":"https:\/\/abinox-chr-clim.com\/index.php\/wp-json\/wp\/v2\/product"}],"about":[{"href":"https:\/\/abinox-chr-clim.com\/index.php\/wp-json\/wp\/v2\/types\/product"}],"replies":[{"embeddable":true,"href":"https:\/\/abinox-chr-clim.com\/index.php\/wp-json\/wp\/v2\/comments?post=68653"}],"wp:featuredmedia":[{"embeddable":true,"href":"https:\/\/abinox-chr-clim.com\/index.php\/wp-json\/wp\/v2\/media\/84758"}],"wp:attachment":[{"href":"https:\/\/abinox-chr-clim.com\/index.php\/wp-json\/wp\/v2\/media?parent=68653"}],"wp:term":[{"taxonomy":"product_brand","embeddable":true,"href":"https:\/\/abinox-chr-clim.com\/index.php\/wp-json\/wp\/v2\/product_brand?post=68653"},{"taxonomy":"product_cat","embeddable":true,"href":"https:\/\/abinox-chr-clim.com\/index.php\/wp-json\/wp\/v2\/product_cat?post=68653"},{"taxonomy":"product_tag","embeddable":true,"href":"https:\/\/abinox-chr-clim.com\/index.php\/wp-json\/wp\/v2\/product_tag?post=68653"}],"curies":[{"name":"wp","href":"https:\/\/api.w.org\/{rel}","templated":true}]}}