{"id":68652,"date":"2024-03-22T16:14:51","date_gmt":"2024-03-22T15:14:51","guid":{"rendered":"https:\/\/abinox-chr-clim.com\/index.php\/product\/gaufrier-cornet-a-glace-double-waring-wwcm200e\/"},"modified":"2026-04-14T09:44:52","modified_gmt":"2026-04-14T07:44:52","slug":"gaufrier-cornet-a-glace-double-waring-wwcm200e","status":"publish","type":"product","link":"https:\/\/abinox-chr-clim.com\/index.php\/product\/gaufrier-cornet-a-glace-double-waring-wwcm200e\/","title":{"rendered":"Gaufrier cornet \u00e0 glace double Waring WWCM200E"},"content":{"rendered":"<p>Ce gaufrier poss\u00e8de deux plaques de cuisson avec r\u00e9sistances ench\u00e2ss\u00e9es pour une diffusion parfaite de la chaleur, indicateurs sonores et visuels et plaques \u00e0 triple rev\u00eatement antiadh\u00e9sif pour faciliter l&rsquo;entretien. Livr\u00e9 avec c\u00f4ne en bois pour former les cornets \u00e0 glace.<br \/>La conception verticale maximise le rendement tout en utilisant moins d&rsquo;espace et moins d&rsquo;\u00e9nergie. Bo\u00eetier en m\u00e9tal moul\u00e9 durable. Fonctionnement rotatif pour une cuisson uniforme et pr\u00e9cise. R\u00e9f\u00e9rence soumise \u00e0 une Eco-participation mobilier de 0.68\u20ac par unit\u00e9 vendue. Panneau de commande \u00e9lectronique facile \u00e0 nettoyer. Bouton de contr\u00f4le du temps de cuisson pour un r\u00e9sultat parfait. Voyant et signal sonore lorsque chaque plaque est pr\u00eate pour commencer la cuisson. Epaisseur des gaufres : 3mm. Triple rev\u00eatement antiadh\u00e9sif permettant de retirer facilement les cornets gaufr\u00e9s et facilitant l&rsquo;entretien. R\u00e9f\u00e9rence soumise \u00e0 une Eco-participation DEEE de 0,28\u20ac par unit\u00e9 vendue. La conception verticale maximise le rendement tout en utilisant moins d&rsquo;espace et moins d&rsquo;\u00e9nergie.<\/p>\n<p>Caract\u00e9ristiques :<br \/> Dimensions : 254 x 280 x 432mm.<br \/> Mati\u00e8re : Acier moul\u00e9 sous pression\/ inox.<br \/> Sortie : 120\/h.<br \/> Voltage : 230V.<br \/> Couleur : Argent.<\/p>\n","protected":false},"excerpt":{"rendered":"<p>Gaufrier cornet \u00e0 glace double Waring WWCM200E<\/p>\n","protected":false},"featured_media":84140,"comment_status":"closed","ping_status":"closed","template":"","meta":[],"product_brand":[],"product_cat":[1277,1297],"product_tag":[],"class_list":{"0":"post-68652","1":"product","2":"type-product","3":"status-publish","4":"has-post-thumbnail","6":"product_cat-divers-principal","7":"product_cat-non-palettisable","8":"product_shipping_class-free-shipping","10":"first","11":"instock","12":"featured","13":"taxable","14":"shipping-taxable","15":"purchasable","16":"product-type-simple"},"_links":{"self":[{"href":"https:\/\/abinox-chr-clim.com\/index.php\/wp-json\/wp\/v2\/product\/68652","targetHints":{"allow":["GET"]}}],"collection":[{"href":"https:\/\/abinox-chr-clim.com\/index.php\/wp-json\/wp\/v2\/product"}],"about":[{"href":"https:\/\/abinox-chr-clim.com\/index.php\/wp-json\/wp\/v2\/types\/product"}],"replies":[{"embeddable":true,"href":"https:\/\/abinox-chr-clim.com\/index.php\/wp-json\/wp\/v2\/comments?post=68652"}],"wp:featuredmedia":[{"embeddable":true,"href":"https:\/\/abinox-chr-clim.com\/index.php\/wp-json\/wp\/v2\/media\/84140"}],"wp:attachment":[{"href":"https:\/\/abinox-chr-clim.com\/index.php\/wp-json\/wp\/v2\/media?parent=68652"}],"wp:term":[{"taxonomy":"product_brand","embeddable":true,"href":"https:\/\/abinox-chr-clim.com\/index.php\/wp-json\/wp\/v2\/product_brand?post=68652"},{"taxonomy":"product_cat","embeddable":true,"href":"https:\/\/abinox-chr-clim.com\/index.php\/wp-json\/wp\/v2\/product_cat?post=68652"},{"taxonomy":"product_tag","embeddable":true,"href":"https:\/\/abinox-chr-clim.com\/index.php\/wp-json\/wp\/v2\/product_tag?post=68652"}],"curies":[{"name":"wp","href":"https:\/\/api.w.org\/{rel}","templated":true}]}}