{"id":68651,"date":"2024-03-22T16:14:50","date_gmt":"2024-03-22T15:14:50","guid":{"rendered":"https:\/\/abinox-chr-clim.com\/index.php\/product\/plateau-tournant-en-ardoise-aps-320mm\/"},"modified":"2025-06-30T11:53:46","modified_gmt":"2025-06-30T09:53:46","slug":"plateau-tournant-en-ardoise-aps-320mm","status":"publish","type":"product","link":"https:\/\/abinox-chr-clim.com\/index.php\/product\/plateau-tournant-en-ardoise-aps-320mm\/","title":{"rendered":"Plateau tournant en ardoise APS 320mm"},"content":{"rendered":"<p>La conception tournante est id\u00e9ale pour partager diff\u00e9rents plats. Appliquez de l\u00bfhuile alimentaire pour maintenir l\u00bf\u00e9clat. Lavage \u00e0 la main uniquement. Le mat\u00e9riau en ardoise offre un aspect naturel et unique. Le dessus facile \u00e0 nettoyer vous permet de maintenir une excellente hygi\u00e8ne. Les pieds antid\u00e9rapants emp\u00eachent le plateau de bouger.La conception tournante est id\u00e9ale pour partager diff\u00e9rents plats.<\/p>\n<p>Caract\u00e9ristiques :<br \/> Dimensions : 320(\u00d8) mm.<br \/> Mati\u00e8re : Ardoise.<br \/> Couleur : Ardoise.<\/p>\n","protected":false},"excerpt":{"rendered":"<p>Plateau tournant en ardoise APS 320mm<\/p>\n","protected":false},"featured_media":84134,"comment_status":"closed","ping_status":"closed","template":"","meta":[],"product_brand":[],"product_cat":[1277,1297],"product_tag":[],"class_list":{"0":"post-68651","1":"product","2":"type-product","3":"status-publish","4":"has-post-thumbnail","6":"product_cat-divers-principal","7":"product_cat-non-palettisable","8":"product_shipping_class-free-shipping","10":"first","11":"outofstock","12":"featured","13":"taxable","14":"shipping-taxable","15":"purchasable","16":"product-type-simple"},"_links":{"self":[{"href":"https:\/\/abinox-chr-clim.com\/index.php\/wp-json\/wp\/v2\/product\/68651","targetHints":{"allow":["GET"]}}],"collection":[{"href":"https:\/\/abinox-chr-clim.com\/index.php\/wp-json\/wp\/v2\/product"}],"about":[{"href":"https:\/\/abinox-chr-clim.com\/index.php\/wp-json\/wp\/v2\/types\/product"}],"replies":[{"embeddable":true,"href":"https:\/\/abinox-chr-clim.com\/index.php\/wp-json\/wp\/v2\/comments?post=68651"}],"wp:featuredmedia":[{"embeddable":true,"href":"https:\/\/abinox-chr-clim.com\/index.php\/wp-json\/wp\/v2\/media\/84134"}],"wp:attachment":[{"href":"https:\/\/abinox-chr-clim.com\/index.php\/wp-json\/wp\/v2\/media?parent=68651"}],"wp:term":[{"taxonomy":"product_brand","embeddable":true,"href":"https:\/\/abinox-chr-clim.com\/index.php\/wp-json\/wp\/v2\/product_brand?post=68651"},{"taxonomy":"product_cat","embeddable":true,"href":"https:\/\/abinox-chr-clim.com\/index.php\/wp-json\/wp\/v2\/product_cat?post=68651"},{"taxonomy":"product_tag","embeddable":true,"href":"https:\/\/abinox-chr-clim.com\/index.php\/wp-json\/wp\/v2\/product_tag?post=68651"}],"curies":[{"name":"wp","href":"https:\/\/api.w.org\/{rel}","templated":true}]}}