{"id":68649,"date":"2024-03-22T16:14:46","date_gmt":"2024-03-22T15:14:46","guid":{"rendered":"https:\/\/abinox-chr-clim.com\/index.php\/product\/petit-chariot-pliant-en-polypropylene-vogue-3-niveaux-noir\/"},"modified":"2026-04-14T10:49:16","modified_gmt":"2026-04-14T08:49:16","slug":"petit-chariot-pliant-en-polypropylene-vogue-3-niveaux-noir","status":"publish","type":"product","link":"https:\/\/abinox-chr-clim.com\/index.php\/product\/petit-chariot-pliant-en-polypropylene-vogue-3-niveaux-noir\/","title":{"rendered":"Petit chariot pliant en polypropyl\u00e8ne Vogue 3 niveaux noir"},"content":{"rendered":"<p>Chariot r\u00e9sistant en acier inoxydable pour les h\u00f4tels, restaurants et collectivit\u00e9s o\u00f9 la sant\u00e9 et l&rsquo;hygi\u00e8ne sont primordiales. Facile \u00e0 man\u0153uvrer gr\u00e2ce aux poign\u00e9es aux deux extr\u00e9mit\u00e9s. Capacit\u00e9 de charge maxi 128kg.<br \/>Construction en mat\u00e9riau PP durable \u00bf solide et r\u00e9sistant \u00e0 la corrosion.Conception facile \u00e0 nettoyer. Se replie pour un rangement pratique. Dimensions d\u00e9pli\u00e9 835(H) x 645(L) x 405(P)mm. Capacit\u00e9 de poids maximale 40 kg. \u00c9quip\u00e9 de roulettes (2  avec frein pour un positionnement s\u00fbr et s\u00e9curis\u00e9). Dispositif de verrouillage\/d\u00e9verrouillage facile de la poign\u00e9e. Livr\u00e9 enti\u00e8rement assembl\u00e9 et pr\u00eat \u00e0 l&#8217;emploi.Construction en mat\u00e9riau PP durable \u00bf solide et r\u00e9sistant \u00e0 la corrosion. .<br \/> Caract\u00e9ristiques :<br \/> Dimensions : 835(H) x 645(L) x 405(P) mm.<br \/> Mati\u00e8re : Polypropyl\u00e8ne.<br \/> Couleur : Noir.<\/p>\n","protected":false},"excerpt":{"rendered":"<p>Petit chariot pliant en polypropyl\u00e8ne Vogue 3 niveaux noir<\/p>\n","protected":false},"featured_media":84083,"comment_status":"closed","ping_status":"closed","template":"","meta":[],"product_brand":[],"product_cat":[1277,1297],"product_tag":[],"class_list":{"0":"post-68649","1":"product","2":"type-product","3":"status-publish","4":"has-post-thumbnail","6":"product_cat-divers-principal","7":"product_cat-non-palettisable","8":"product_shipping_class-free-shipping","10":"first","11":"instock","12":"featured","13":"taxable","14":"shipping-taxable","15":"purchasable","16":"product-type-simple"},"_links":{"self":[{"href":"https:\/\/abinox-chr-clim.com\/index.php\/wp-json\/wp\/v2\/product\/68649","targetHints":{"allow":["GET"]}}],"collection":[{"href":"https:\/\/abinox-chr-clim.com\/index.php\/wp-json\/wp\/v2\/product"}],"about":[{"href":"https:\/\/abinox-chr-clim.com\/index.php\/wp-json\/wp\/v2\/types\/product"}],"replies":[{"embeddable":true,"href":"https:\/\/abinox-chr-clim.com\/index.php\/wp-json\/wp\/v2\/comments?post=68649"}],"wp:featuredmedia":[{"embeddable":true,"href":"https:\/\/abinox-chr-clim.com\/index.php\/wp-json\/wp\/v2\/media\/84083"}],"wp:attachment":[{"href":"https:\/\/abinox-chr-clim.com\/index.php\/wp-json\/wp\/v2\/media?parent=68649"}],"wp:term":[{"taxonomy":"product_brand","embeddable":true,"href":"https:\/\/abinox-chr-clim.com\/index.php\/wp-json\/wp\/v2\/product_brand?post=68649"},{"taxonomy":"product_cat","embeddable":true,"href":"https:\/\/abinox-chr-clim.com\/index.php\/wp-json\/wp\/v2\/product_cat?post=68649"},{"taxonomy":"product_tag","embeddable":true,"href":"https:\/\/abinox-chr-clim.com\/index.php\/wp-json\/wp\/v2\/product_tag?post=68649"}],"curies":[{"name":"wp","href":"https:\/\/api.w.org\/{rel}","templated":true}]}}