{"id":68646,"date":"2024-03-22T16:14:46","date_gmt":"2024-03-22T15:14:46","guid":{"rendered":"https:\/\/abinox-chr-clim.com\/index.php\/product\/ramequins-olympia-whiteware-152mm-lot-de-6\/"},"modified":"2026-04-14T10:45:36","modified_gmt":"2026-04-14T08:45:36","slug":"ramequins-olympia-whiteware-152mm-lot-de-6","status":"publish","type":"product","link":"https:\/\/abinox-chr-clim.com\/index.php\/product\/ramequins-olympia-whiteware-152mm-lot-de-6\/","title":{"rendered":"Ramequins Olympia Whiteware 152mm (lot de 6)"},"content":{"rendered":"<p>Ramequin en porcelaine Olympia robuste et b\u00e9n\u00e9ficiant d&rsquo;un excellent rapport qualit\u00e9\/prix.<br \/>Porcelaine pour un style haut de gamme. Empilable pour \u00e9conomiser de l&rsquo;espace de stockage. Bords roul\u00e9s pour plus de durabilit\u00e9. Compatible avec Olympia Fondant. Garantie \u00e0 vie contre les \u00e9br\u00e9chures.Compatible micro-ondes. Porcelaine pour un style haut de gamme.<\/p>\n<p>Caract\u00e9ristiques :<br \/>Lot : 6.<br \/> Dimensions : 152(\u00d8) mm.<br \/> Mati\u00e8re : Porcelaine.<br \/> Couleur : Blanc.<\/p>\n","protected":false},"excerpt":{"rendered":"<p>Ramequins Olympia Whiteware 152mm (lot de 6)<\/p>\n","protected":false},"featured_media":84061,"comment_status":"closed","ping_status":"closed","template":"","meta":[],"product_brand":[],"product_cat":[1277,1297],"product_tag":[],"class_list":{"0":"post-68646","1":"product","2":"type-product","3":"status-publish","4":"has-post-thumbnail","6":"product_cat-divers-principal","7":"product_cat-non-palettisable","8":"product_shipping_class-free-shipping","10":"first","11":"outofstock","12":"featured","13":"taxable","14":"shipping-taxable","15":"purchasable","16":"product-type-simple"},"_links":{"self":[{"href":"https:\/\/abinox-chr-clim.com\/index.php\/wp-json\/wp\/v2\/product\/68646","targetHints":{"allow":["GET"]}}],"collection":[{"href":"https:\/\/abinox-chr-clim.com\/index.php\/wp-json\/wp\/v2\/product"}],"about":[{"href":"https:\/\/abinox-chr-clim.com\/index.php\/wp-json\/wp\/v2\/types\/product"}],"replies":[{"embeddable":true,"href":"https:\/\/abinox-chr-clim.com\/index.php\/wp-json\/wp\/v2\/comments?post=68646"}],"wp:featuredmedia":[{"embeddable":true,"href":"https:\/\/abinox-chr-clim.com\/index.php\/wp-json\/wp\/v2\/media\/84061"}],"wp:attachment":[{"href":"https:\/\/abinox-chr-clim.com\/index.php\/wp-json\/wp\/v2\/media?parent=68646"}],"wp:term":[{"taxonomy":"product_brand","embeddable":true,"href":"https:\/\/abinox-chr-clim.com\/index.php\/wp-json\/wp\/v2\/product_brand?post=68646"},{"taxonomy":"product_cat","embeddable":true,"href":"https:\/\/abinox-chr-clim.com\/index.php\/wp-json\/wp\/v2\/product_cat?post=68646"},{"taxonomy":"product_tag","embeddable":true,"href":"https:\/\/abinox-chr-clim.com\/index.php\/wp-json\/wp\/v2\/product_tag?post=68646"}],"curies":[{"name":"wp","href":"https:\/\/api.w.org\/{rel}","templated":true}]}}