{"id":68644,"date":"2024-03-22T16:14:45","date_gmt":"2024-03-22T15:14:45","guid":{"rendered":"https:\/\/abinox-chr-clim.com\/index.php\/product\/chaises-a-lattes-en-acier-bolero-terracotta-lot-de-4\/"},"modified":"2026-04-14T10:44:09","modified_gmt":"2026-04-14T08:44:09","slug":"chaises-a-lattes-en-acier-bolero-terracotta-lot-de-4","status":"publish","type":"product","link":"https:\/\/abinox-chr-clim.com\/index.php\/product\/chaises-a-lattes-en-acier-bolero-terracotta-lot-de-4\/","title":{"rendered":"Chaises \u00e0 lattes en acier Bolero terracotta (lot de 4)"},"content":{"rendered":"<p>Chaises bistro de diff\u00e9rentes couleurs faciles d&rsquo;entretien. L&rsquo;assise poss\u00e8de un bord con\u00e7u pour que l&rsquo;eau s&rsquo;\u00e9coule en cas d&rsquo;averse et s\u00e8che donc plus rapidement. Parfaites pour les trottoirs, terrasses des caf\u00e9s et restaurants.<br \/>La conception facile \u00e0 nettoyer permet une pr\u00e9paration rapide entre chaque service. R\u00e9f\u00e9rence soumise \u00e0 une Eco-participation mobilier de 1.05\u20ac par unit\u00e9 vendue. Assise avec bord \u00e9vacuant l&rsquo;eau pour plus de confort. La construction empilable aide \u00e0 \u00e9conomiser espace de stockage pr\u00e9cieux. La conception r\u00e9sistant aux intemp\u00e9ries convient \u00e0 une utilisation int\u00e9rieure et ext\u00e9rieure.La conception facile \u00e0 nettoyer permet une pr\u00e9paration rapide entre chaque service.<\/p>\n<p>Caract\u00e9ristiques :<br \/>Lot : 4.<br \/> Mati\u00e8re : .<br \/> Couleur : Terre cuite.<\/p>\n","protected":false},"excerpt":{"rendered":"<p>Chaises \u00e0 lattes en acier Bolero terracotta (lot de 4)<\/p>\n","protected":false},"featured_media":84050,"comment_status":"closed","ping_status":"closed","template":"","meta":[],"product_brand":[],"product_cat":[1277,1297],"product_tag":[],"class_list":{"0":"post-68644","1":"product","2":"type-product","3":"status-publish","4":"has-post-thumbnail","6":"product_cat-divers-principal","7":"product_cat-non-palettisable","8":"product_shipping_class-free-shipping","10":"first","11":"outofstock","12":"featured","13":"taxable","14":"shipping-taxable","15":"purchasable","16":"product-type-simple"},"_links":{"self":[{"href":"https:\/\/abinox-chr-clim.com\/index.php\/wp-json\/wp\/v2\/product\/68644","targetHints":{"allow":["GET"]}}],"collection":[{"href":"https:\/\/abinox-chr-clim.com\/index.php\/wp-json\/wp\/v2\/product"}],"about":[{"href":"https:\/\/abinox-chr-clim.com\/index.php\/wp-json\/wp\/v2\/types\/product"}],"replies":[{"embeddable":true,"href":"https:\/\/abinox-chr-clim.com\/index.php\/wp-json\/wp\/v2\/comments?post=68644"}],"wp:featuredmedia":[{"embeddable":true,"href":"https:\/\/abinox-chr-clim.com\/index.php\/wp-json\/wp\/v2\/media\/84050"}],"wp:attachment":[{"href":"https:\/\/abinox-chr-clim.com\/index.php\/wp-json\/wp\/v2\/media?parent=68644"}],"wp:term":[{"taxonomy":"product_brand","embeddable":true,"href":"https:\/\/abinox-chr-clim.com\/index.php\/wp-json\/wp\/v2\/product_brand?post=68644"},{"taxonomy":"product_cat","embeddable":true,"href":"https:\/\/abinox-chr-clim.com\/index.php\/wp-json\/wp\/v2\/product_cat?post=68644"},{"taxonomy":"product_tag","embeddable":true,"href":"https:\/\/abinox-chr-clim.com\/index.php\/wp-json\/wp\/v2\/product_tag?post=68644"}],"curies":[{"name":"wp","href":"https:\/\/api.w.org\/{rel}","templated":true}]}}