{"id":68639,"date":"2024-03-22T16:14:44","date_gmt":"2024-03-22T15:14:44","guid":{"rendered":"https:\/\/abinox-chr-clim.com\/index.php\/product\/table-ronde-bolero-complete-600mm\/"},"modified":"2026-04-14T10:45:34","modified_gmt":"2026-04-14T08:45:34","slug":"table-ronde-bolero-complete-600mm","status":"publish","type":"product","link":"https:\/\/abinox-chr-clim.com\/index.php\/product\/table-ronde-bolero-complete-600mm\/","title":{"rendered":"Table ronde Bolero Complete 600mm"},"content":{"rendered":"<p>Le plateau et le pied sont fournis ensemble.<br \/>Le pied lourd emp\u00eache la table de basculer. R\u00e9f\u00e9rence soumise \u00e0 une Eco-participation mobilier de 2.35\u20ac par unit\u00e9 vendue. La finition poudr\u00e9e du pied assure une excellente durabilit\u00e9. La bordure du plateau en PVC aide \u00e0 prot\u00e9ger la table des dommages caus\u00e9s par les chocs. Le plateau de table r\u00e9sistant aux rayures emp\u00eache les dommages caus\u00e9s par les assiettes et les couverts. Assemblage n\u00e9cessaire (visserie fournie). Le plateau de table est adapt\u00e9 pour supporter des assiettes jusqu&rsquo;\u00e0 180\u00b0C.Le pied lourd emp\u00eache la table de basculer.<\/p>\n<p>Caract\u00e9ristiques :<br \/> Dimensions : 120(H) x 650(L) mm.<\/p>\n","protected":false},"excerpt":{"rendered":"<p>Table ronde Bolero Complete 600mm<\/p>\n","protected":false},"featured_media":83852,"comment_status":"closed","ping_status":"closed","template":"","meta":[],"product_brand":[],"product_cat":[1277,1297],"product_tag":[],"class_list":{"0":"post-68639","1":"product","2":"type-product","3":"status-publish","4":"has-post-thumbnail","6":"product_cat-divers-principal","7":"product_cat-non-palettisable","8":"product_shipping_class-free-shipping","10":"first","11":"instock","12":"featured","13":"taxable","14":"shipping-taxable","15":"purchasable","16":"product-type-simple"},"_links":{"self":[{"href":"https:\/\/abinox-chr-clim.com\/index.php\/wp-json\/wp\/v2\/product\/68639","targetHints":{"allow":["GET"]}}],"collection":[{"href":"https:\/\/abinox-chr-clim.com\/index.php\/wp-json\/wp\/v2\/product"}],"about":[{"href":"https:\/\/abinox-chr-clim.com\/index.php\/wp-json\/wp\/v2\/types\/product"}],"replies":[{"embeddable":true,"href":"https:\/\/abinox-chr-clim.com\/index.php\/wp-json\/wp\/v2\/comments?post=68639"}],"wp:featuredmedia":[{"embeddable":true,"href":"https:\/\/abinox-chr-clim.com\/index.php\/wp-json\/wp\/v2\/media\/83852"}],"wp:attachment":[{"href":"https:\/\/abinox-chr-clim.com\/index.php\/wp-json\/wp\/v2\/media?parent=68639"}],"wp:term":[{"taxonomy":"product_brand","embeddable":true,"href":"https:\/\/abinox-chr-clim.com\/index.php\/wp-json\/wp\/v2\/product_brand?post=68639"},{"taxonomy":"product_cat","embeddable":true,"href":"https:\/\/abinox-chr-clim.com\/index.php\/wp-json\/wp\/v2\/product_cat?post=68639"},{"taxonomy":"product_tag","embeddable":true,"href":"https:\/\/abinox-chr-clim.com\/index.php\/wp-json\/wp\/v2\/product_tag?post=68639"}],"curies":[{"name":"wp","href":"https:\/\/api.w.org\/{rel}","templated":true}]}}