{"id":68636,"date":"2024-03-22T16:14:43","date_gmt":"2024-03-22T15:14:43","guid":{"rendered":"https:\/\/abinox-chr-clim.com\/index.php\/product\/range-couverts-avec-couvercle-araven-gris-fonce\/"},"modified":"2026-04-14T10:49:13","modified_gmt":"2026-04-14T08:49:13","slug":"range-couverts-avec-couvercle-araven-gris-fonce","status":"publish","type":"product","link":"https:\/\/abinox-chr-clim.com\/index.php\/product\/range-couverts-avec-couvercle-araven-gris-fonce\/","title":{"rendered":"Range-couverts avec couvercle Araven gris fonc\u00e9"},"content":{"rendered":"<p>4 compartiments pour s\u00e9parer les couverts. Poign\u00e9es int\u00e9gr\u00e9es pour faciliter le transport des bacs pleins et empil\u00e9s. Le bac et le couvercle sont empilables lorsqu&rsquo;ils ne sont pas utilis\u00e9s. Compatible lave-vaisselle. 4 compartiments pour s\u00e9parer les couverts.<\/p>\n<p>Caract\u00e9ristiques :<br \/> Dimensions : 100(H) x 325(L) x 530(P) mm.<br \/> Mati\u00e8re : .<br \/> Couleur : Gris fonc\u00e9.<\/p>\n","protected":false},"excerpt":{"rendered":"<p>Range-couverts avec couvercle Araven gris fonc\u00e9<\/p>\n","protected":false},"featured_media":83826,"comment_status":"closed","ping_status":"closed","template":"","meta":[],"product_brand":[],"product_cat":[1277,1297],"product_tag":[],"class_list":{"0":"post-68636","1":"product","2":"type-product","3":"status-publish","4":"has-post-thumbnail","6":"product_cat-divers-principal","7":"product_cat-non-palettisable","8":"product_shipping_class-free-shipping","10":"first","11":"instock","12":"featured","13":"taxable","14":"shipping-taxable","15":"purchasable","16":"product-type-simple"},"_links":{"self":[{"href":"https:\/\/abinox-chr-clim.com\/index.php\/wp-json\/wp\/v2\/product\/68636","targetHints":{"allow":["GET"]}}],"collection":[{"href":"https:\/\/abinox-chr-clim.com\/index.php\/wp-json\/wp\/v2\/product"}],"about":[{"href":"https:\/\/abinox-chr-clim.com\/index.php\/wp-json\/wp\/v2\/types\/product"}],"replies":[{"embeddable":true,"href":"https:\/\/abinox-chr-clim.com\/index.php\/wp-json\/wp\/v2\/comments?post=68636"}],"wp:featuredmedia":[{"embeddable":true,"href":"https:\/\/abinox-chr-clim.com\/index.php\/wp-json\/wp\/v2\/media\/83826"}],"wp:attachment":[{"href":"https:\/\/abinox-chr-clim.com\/index.php\/wp-json\/wp\/v2\/media?parent=68636"}],"wp:term":[{"taxonomy":"product_brand","embeddable":true,"href":"https:\/\/abinox-chr-clim.com\/index.php\/wp-json\/wp\/v2\/product_brand?post=68636"},{"taxonomy":"product_cat","embeddable":true,"href":"https:\/\/abinox-chr-clim.com\/index.php\/wp-json\/wp\/v2\/product_cat?post=68636"},{"taxonomy":"product_tag","embeddable":true,"href":"https:\/\/abinox-chr-clim.com\/index.php\/wp-json\/wp\/v2\/product_tag?post=68636"}],"curies":[{"name":"wp","href":"https:\/\/api.w.org\/{rel}","templated":true}]}}