{"id":68635,"date":"2024-03-22T16:14:43","date_gmt":"2024-03-22T15:14:43","guid":{"rendered":"https:\/\/abinox-chr-clim.com\/index.php\/product\/broyeur-a-glace-buffalo\/"},"modified":"2026-04-14T10:42:48","modified_gmt":"2026-04-14T08:42:48","slug":"broyeur-a-glace-buffalo","status":"publish","type":"product","link":"https:\/\/abinox-chr-clim.com\/index.php\/product\/broyeur-a-glace-buffalo\/","title":{"rendered":"Broyeur \u00e0 glace Buffalo"},"content":{"rendered":"<p>Broie jusqu&rsquo;\u00e0 90 kg de glace par heure. Conception peu encombrante de style blender. Distribution par goulotte.<br \/>Moteur puissant de qualit\u00e9 commerciale de 200 W. Broie jusqu&rsquo;\u00e0 90 kg de glace par heure. Lame en acier solide sp\u00e9cialement con\u00e7ue pour briser la glace. R\u00e9f\u00e9rence soumise \u00e0 une Eco-participation mobilier de 0.39\u20ac par unit\u00e9 vendue. Moteur ventil\u00e9 avec transmission \u00e0 engrenages solides &#8211; con\u00e7u pour une utilisation prolong\u00e9e. Couvercle \u00e0 charni\u00e8re avec micro-interrupteur de s\u00e9curit\u00e9.Conteneur \u00e0 glace en acier inoxydable de 3 litres. Moteur puissant de qualit\u00e9 commerciale de 200 W.<\/p>\n<p>Caract\u00e9ristiques :<br \/> Dimensions : 533(H) x 329(L) x 197(P)mm.<br \/> Mati\u00e8re : Aluminium.<br \/> Voltage : 220-240V.<br \/> Couleur : Noir.<\/p>\n","protected":false},"excerpt":{"rendered":"<p>Broyeur \u00e0 glace Buffalo<\/p>\n","protected":false},"featured_media":83821,"comment_status":"closed","ping_status":"closed","template":"","meta":[],"product_brand":[],"product_cat":[1277,1297],"product_tag":[],"class_list":{"0":"post-68635","1":"product","2":"type-product","3":"status-publish","4":"has-post-thumbnail","6":"product_cat-divers-principal","7":"product_cat-non-palettisable","8":"product_shipping_class-free-shipping","10":"first","11":"outofstock","12":"featured","13":"taxable","14":"shipping-taxable","15":"purchasable","16":"product-type-simple"},"_links":{"self":[{"href":"https:\/\/abinox-chr-clim.com\/index.php\/wp-json\/wp\/v2\/product\/68635","targetHints":{"allow":["GET"]}}],"collection":[{"href":"https:\/\/abinox-chr-clim.com\/index.php\/wp-json\/wp\/v2\/product"}],"about":[{"href":"https:\/\/abinox-chr-clim.com\/index.php\/wp-json\/wp\/v2\/types\/product"}],"replies":[{"embeddable":true,"href":"https:\/\/abinox-chr-clim.com\/index.php\/wp-json\/wp\/v2\/comments?post=68635"}],"wp:featuredmedia":[{"embeddable":true,"href":"https:\/\/abinox-chr-clim.com\/index.php\/wp-json\/wp\/v2\/media\/83821"}],"wp:attachment":[{"href":"https:\/\/abinox-chr-clim.com\/index.php\/wp-json\/wp\/v2\/media?parent=68635"}],"wp:term":[{"taxonomy":"product_brand","embeddable":true,"href":"https:\/\/abinox-chr-clim.com\/index.php\/wp-json\/wp\/v2\/product_brand?post=68635"},{"taxonomy":"product_cat","embeddable":true,"href":"https:\/\/abinox-chr-clim.com\/index.php\/wp-json\/wp\/v2\/product_cat?post=68635"},{"taxonomy":"product_tag","embeddable":true,"href":"https:\/\/abinox-chr-clim.com\/index.php\/wp-json\/wp\/v2\/product_tag?post=68635"}],"curies":[{"name":"wp","href":"https:\/\/api.w.org\/{rel}","templated":true}]}}