{"id":68634,"date":"2024-03-22T16:14:42","date_gmt":"2024-03-22T15:14:42","guid":{"rendered":"https:\/\/abinox-chr-clim.com\/index.php\/product\/balance-de-controle-brecknell-15-kg\/"},"modified":"2026-04-14T10:50:18","modified_gmt":"2026-04-14T08:50:18","slug":"balance-de-controle-brecknell-15-kg","status":"publish","type":"product","link":"https:\/\/abinox-chr-clim.com\/index.php\/product\/balance-de-controle-brecknell-15-kg\/","title":{"rendered":"Balance de contr\u00f4le Brecknell 15 kg"},"content":{"rendered":"<p>Capacit\u00e9 15kg graduations 1g. Dimensions 110(H)x 285(L)x 235(P) mm. Poids 3,7kg. Balance pr\u00e9cise con\u00e7ue pour fonctionner dans des environnements difficiles et humides tels que le contr\u00f4le des portions, la transformation des aliments ou les cuisines de restauration. Lavable et antirouille. L&rsquo;\u00e9cran d&rsquo;affichage est \u00e9tanche. Interface simple \u00e0 quatre boutons. L&rsquo;alarme retentit lorsque le poids est dans la plage d\u00e9finie. Taille de la plateforme\u00a0: 13(H)x 229(L)x 190(P)mm. Unit\u00e9s d&rsquo;affichage du poids\u00a0: oz, lb, g, kg. Capacit\u00e9 15kg graduations 1g.<\/p>\n<p>Caract\u00e9ristiques :<br \/> Dimensions : 110(H) x 290(L) x 330(P) mm.<br \/> Mati\u00e8re : Inox.<br \/> Couleur : Argent.<\/p>\n","protected":false},"excerpt":{"rendered":"<p>Balance de contr\u00f4le Brecknell 15 kg<\/p>\n","protected":false},"featured_media":105084,"comment_status":"closed","ping_status":"closed","template":"","meta":[],"product_brand":[],"product_cat":[1277,1297],"product_tag":[],"class_list":{"0":"post-68634","1":"product","2":"type-product","3":"status-publish","4":"has-post-thumbnail","6":"product_cat-divers-principal","7":"product_cat-non-palettisable","8":"product_shipping_class-free-shipping","10":"first","11":"instock","12":"featured","13":"taxable","14":"shipping-taxable","15":"purchasable","16":"product-type-simple"},"_links":{"self":[{"href":"https:\/\/abinox-chr-clim.com\/index.php\/wp-json\/wp\/v2\/product\/68634","targetHints":{"allow":["GET"]}}],"collection":[{"href":"https:\/\/abinox-chr-clim.com\/index.php\/wp-json\/wp\/v2\/product"}],"about":[{"href":"https:\/\/abinox-chr-clim.com\/index.php\/wp-json\/wp\/v2\/types\/product"}],"replies":[{"embeddable":true,"href":"https:\/\/abinox-chr-clim.com\/index.php\/wp-json\/wp\/v2\/comments?post=68634"}],"wp:featuredmedia":[{"embeddable":true,"href":"https:\/\/abinox-chr-clim.com\/index.php\/wp-json\/wp\/v2\/media\/105084"}],"wp:attachment":[{"href":"https:\/\/abinox-chr-clim.com\/index.php\/wp-json\/wp\/v2\/media?parent=68634"}],"wp:term":[{"taxonomy":"product_brand","embeddable":true,"href":"https:\/\/abinox-chr-clim.com\/index.php\/wp-json\/wp\/v2\/product_brand?post=68634"},{"taxonomy":"product_cat","embeddable":true,"href":"https:\/\/abinox-chr-clim.com\/index.php\/wp-json\/wp\/v2\/product_cat?post=68634"},{"taxonomy":"product_tag","embeddable":true,"href":"https:\/\/abinox-chr-clim.com\/index.php\/wp-json\/wp\/v2\/product_tag?post=68634"}],"curies":[{"name":"wp","href":"https:\/\/api.w.org\/{rel}","templated":true}]}}