{"id":68633,"date":"2024-03-22T16:14:42","date_gmt":"2024-03-22T15:14:42","guid":{"rendered":"https:\/\/abinox-chr-clim.com\/index.php\/product\/bandelettes-sanitaires-pour-lhygiene-des-toilettes-lot-de-250\/"},"modified":"2026-04-14T10:37:27","modified_gmt":"2026-04-14T08:37:27","slug":"bandelettes-sanitaires-pour-lhygiene-des-toilettes-lot-de-250","status":"publish","type":"product","link":"https:\/\/abinox-chr-clim.com\/index.php\/product\/bandelettes-sanitaires-pour-lhygiene-des-toilettes-lot-de-250\/","title":{"rendered":"Bandelettes sanitaires pour l&rsquo;hygi\u00e8ne des toilettes (lot de 250)"},"content":{"rendered":"<p>Permet aux clients de savoir que les toilettes ont \u00e9t\u00e9 nettoy\u00e9es. Inscription : Sanified for your protection.<br \/>Renforce l&rsquo;hygi\u00e8ne ce qui apporte aux clients une tranquillit\u00e9 d&rsquo;esprit lors de l&rsquo;utilisation de vos toilettes. Inscription : \u00abSanified for Your Protection\u00bb (Nettoy\u00e9 pour votre protection) pour un message clair. Lot de 250 permettant d&rsquo;assurer de nombreux services. La bande blanche adh\u00e9sive permet une installation et un retrait faciles. S&rsquo;enroule autour de la lunette des toilettes elle-m\u00eame ou du couvercle pour assurer une exposition maximale.  Renforce l&rsquo;hygi\u00e8ne ce qui apporte aux clients une tranquillit\u00e9 d&rsquo;esprit lors de l&rsquo;utilisation de vos toilettes.<\/p>\n<p>Caract\u00e9ristiques :<br \/>Lot : 250.<br \/> Mati\u00e8re : Papier.<br \/> Couleur : Blanc.<\/p>\n","protected":false},"excerpt":{"rendered":"<p>Bandelettes sanitaires pour l&rsquo;hygi\u00e8ne des toilettes (lot de 250)<\/p>\n","protected":false},"featured_media":83445,"comment_status":"closed","ping_status":"closed","template":"","meta":[],"product_brand":[],"product_cat":[1277,1297],"product_tag":[],"class_list":{"0":"post-68633","1":"product","2":"type-product","3":"status-publish","4":"has-post-thumbnail","6":"product_cat-divers-principal","7":"product_cat-non-palettisable","8":"product_shipping_class-free-shipping","10":"first","11":"instock","12":"featured","13":"taxable","14":"shipping-taxable","15":"purchasable","16":"product-type-simple"},"_links":{"self":[{"href":"https:\/\/abinox-chr-clim.com\/index.php\/wp-json\/wp\/v2\/product\/68633","targetHints":{"allow":["GET"]}}],"collection":[{"href":"https:\/\/abinox-chr-clim.com\/index.php\/wp-json\/wp\/v2\/product"}],"about":[{"href":"https:\/\/abinox-chr-clim.com\/index.php\/wp-json\/wp\/v2\/types\/product"}],"replies":[{"embeddable":true,"href":"https:\/\/abinox-chr-clim.com\/index.php\/wp-json\/wp\/v2\/comments?post=68633"}],"wp:featuredmedia":[{"embeddable":true,"href":"https:\/\/abinox-chr-clim.com\/index.php\/wp-json\/wp\/v2\/media\/83445"}],"wp:attachment":[{"href":"https:\/\/abinox-chr-clim.com\/index.php\/wp-json\/wp\/v2\/media?parent=68633"}],"wp:term":[{"taxonomy":"product_brand","embeddable":true,"href":"https:\/\/abinox-chr-clim.com\/index.php\/wp-json\/wp\/v2\/product_brand?post=68633"},{"taxonomy":"product_cat","embeddable":true,"href":"https:\/\/abinox-chr-clim.com\/index.php\/wp-json\/wp\/v2\/product_cat?post=68633"},{"taxonomy":"product_tag","embeddable":true,"href":"https:\/\/abinox-chr-clim.com\/index.php\/wp-json\/wp\/v2\/product_tag?post=68633"}],"curies":[{"name":"wp","href":"https:\/\/api.w.org\/{rel}","templated":true}]}}