{"id":68632,"date":"2024-03-22T16:14:42","date_gmt":"2024-03-22T15:14:42","guid":{"rendered":"https:\/\/abinox-chr-clim.com\/index.php\/product\/chariot-isotherme-cambro-ultra-camcart-upc1600-bleu-ardoise-2\/"},"modified":"2026-04-14T10:46:18","modified_gmt":"2026-04-14T08:46:18","slug":"chariot-isotherme-cambro-ultra-camcart-upc1600-bleu-ardoise-2","status":"publish","type":"product","link":"https:\/\/abinox-chr-clim.com\/index.php\/product\/chariot-isotherme-cambro-ultra-camcart-upc1600-bleu-ardoise-2\/","title":{"rendered":"Chariot isotherme Cambro Ultra Camcart UPC1600 bleu ardoise"},"content":{"rendered":"<p>Solutions de transport alimentaire \u00e0 chargement frontal. Isolation en mousse durable et adapt\u00e9s au transport d&rsquo;aliments chauds ou froids. Chargement frontal pour un acc\u00e8s facile avec joint amovible herm\u00e9tique pour une \u00e9tanch\u00e9it\u00e9 s\u00fbre.<br \/>. Poly\u00e9thyl\u00e8ne sans couture avec isolation en mousse \u00e9paisse. Le joint amovible herm\u00e9tique fournit une \u00e9tanch\u00e9it\u00e9 s\u00e9curis\u00e9e. Capacit\u00e9 de poids maximale : 55,34kg. Double compartiment pour un rangement suppl\u00e9mentaire\u00a0: 535(H) x 535(L) x 665(P)mm. Roulettes de 152mm de diam\u00e8tre, 2 fixes \u00e0 l\u00bfarri\u00e8re et 2 pivotantes \u00e0 l\u00bfavant, dont une \u00e9quip\u00e9e d\u00bfun frein. Les loquets de porte en nylon durable s&rsquo;ouvrent facilement et se ferment en toute s\u00e9curit\u00e9. Ouverture des portes a 270\u00ba permettent un chargement et un d\u00e9chargement faciles. Capacit\u00e9 pour bacs de 65 mm de profondeur : 204 litres Chaque compartiment peut contenir : 12 GN 1\/1, 24 GN 1\/2, 36 GN 1\/3. Capacit\u00e9 pour bacs de 100 mm de profondeur : 104 litres Chaque compartiment peut contenir : 8 GN 1\/1, 16 GN 1\/2, 32 GN 1\/3. Num\u00e9ro d&rsquo;article Cambro\u00a0: UPC1600401. .<\/p>\n<p>Caract\u00e9ristiques :<br \/> Capacit\u00e9 : 228L.<br \/> Dimensions : 1350(H) x 715(L) x 820(P) mm.<br \/> Mati\u00e8re : Polypropyl\u00e8ne.<br \/> Temp\u00e9rature : 120 \u00b0C.<br \/> Couleur : Bleu ardoise.<br \/> Bac GN : GN 1\/1XY.<\/p>\n","protected":false},"excerpt":{"rendered":"<p>Chariot isotherme Cambro Ultra Camcart UPC1600 bleu ardoise<\/p>\n","protected":false},"featured_media":83324,"comment_status":"closed","ping_status":"closed","template":"","meta":[],"product_brand":[],"product_cat":[1277,1297],"product_tag":[],"class_list":{"0":"post-68632","1":"product","2":"type-product","3":"status-publish","4":"has-post-thumbnail","6":"product_cat-divers-principal","7":"product_cat-non-palettisable","8":"product_shipping_class-free-shipping","10":"first","11":"instock","12":"featured","13":"taxable","14":"shipping-taxable","15":"purchasable","16":"product-type-simple"},"_links":{"self":[{"href":"https:\/\/abinox-chr-clim.com\/index.php\/wp-json\/wp\/v2\/product\/68632","targetHints":{"allow":["GET"]}}],"collection":[{"href":"https:\/\/abinox-chr-clim.com\/index.php\/wp-json\/wp\/v2\/product"}],"about":[{"href":"https:\/\/abinox-chr-clim.com\/index.php\/wp-json\/wp\/v2\/types\/product"}],"replies":[{"embeddable":true,"href":"https:\/\/abinox-chr-clim.com\/index.php\/wp-json\/wp\/v2\/comments?post=68632"}],"wp:featuredmedia":[{"embeddable":true,"href":"https:\/\/abinox-chr-clim.com\/index.php\/wp-json\/wp\/v2\/media\/83324"}],"wp:attachment":[{"href":"https:\/\/abinox-chr-clim.com\/index.php\/wp-json\/wp\/v2\/media?parent=68632"}],"wp:term":[{"taxonomy":"product_brand","embeddable":true,"href":"https:\/\/abinox-chr-clim.com\/index.php\/wp-json\/wp\/v2\/product_brand?post=68632"},{"taxonomy":"product_cat","embeddable":true,"href":"https:\/\/abinox-chr-clim.com\/index.php\/wp-json\/wp\/v2\/product_cat?post=68632"},{"taxonomy":"product_tag","embeddable":true,"href":"https:\/\/abinox-chr-clim.com\/index.php\/wp-json\/wp\/v2\/product_tag?post=68632"}],"curies":[{"name":"wp","href":"https:\/\/api.w.org\/{rel}","templated":true}]}}