{"id":68631,"date":"2024-03-22T16:14:41","date_gmt":"2024-03-22T15:14:41","guid":{"rendered":"https:\/\/abinox-chr-clim.com\/index.php\/product\/bols-a-soupe-moyens-churchill-snack-attack-440ml-lot-de-6\/"},"modified":"2026-04-14T10:39:28","modified_gmt":"2026-04-14T08:39:28","slug":"bols-a-soupe-moyens-churchill-snack-attack-440ml-lot-de-6","status":"publish","type":"product","link":"https:\/\/abinox-chr-clim.com\/index.php\/product\/bols-a-soupe-moyens-churchill-snack-attack-440ml-lot-de-6\/","title":{"rendered":"Bols \u00e0 soupe moyens Churchill Snack Attack 440ml (lot de 6)"},"content":{"rendered":"<p>Gamme \u00e9l\u00e9gante Alchemy plus fine et plus l\u00e9g\u00e8re, con\u00e7ue pour une exp\u00e9rience gastronomique ultime. Chaque assiette a un profil ultra bas avec un bord int\u00e9rieur bien d\u00e9fini et sur\u00e9lev\u00e9 pour encadrer les aliments et permettre l&rsquo;ajout de sauce pour une finition parfaite.<br \/>Couleur : Blanc. Forme : Ronde. Passe au micro-ondes et au cong\u00e9lateur. Bords r\u00e9sistants aux \u00e9clats. Con\u00e7u \u00e0 l&rsquo;aide de la technologie CAO.Corps plus r\u00e9sistant. Surface r\u00e9sistante aux rayures. Finition super vitrifi\u00e9e. Lave-vaisselle. Qualit\u00e9 optimale assur\u00e9e. Couleur : Blanc.<\/p>\n<p>Caract\u00e9ristiques :<br \/>Lot : 6.<br \/> Capacit\u00e9 : 440 ml.<br \/> Mati\u00e8re : Porcelaine.<br \/> Couleur : Blanc.<\/p>\n","protected":false},"excerpt":{"rendered":"<p>Bols \u00e0 soupe moyens Churchill Snack Attack 440ml (lot de 6)<\/p>\n","protected":false},"featured_media":81039,"comment_status":"closed","ping_status":"closed","template":"","meta":[],"product_brand":[],"product_cat":[1277,1297],"product_tag":[],"class_list":{"0":"post-68631","1":"product","2":"type-product","3":"status-publish","4":"has-post-thumbnail","6":"product_cat-divers-principal","7":"product_cat-non-palettisable","8":"product_shipping_class-free-shipping","10":"first","11":"outofstock","12":"featured","13":"taxable","14":"shipping-taxable","15":"purchasable","16":"product-type-simple"},"_links":{"self":[{"href":"https:\/\/abinox-chr-clim.com\/index.php\/wp-json\/wp\/v2\/product\/68631","targetHints":{"allow":["GET"]}}],"collection":[{"href":"https:\/\/abinox-chr-clim.com\/index.php\/wp-json\/wp\/v2\/product"}],"about":[{"href":"https:\/\/abinox-chr-clim.com\/index.php\/wp-json\/wp\/v2\/types\/product"}],"replies":[{"embeddable":true,"href":"https:\/\/abinox-chr-clim.com\/index.php\/wp-json\/wp\/v2\/comments?post=68631"}],"wp:featuredmedia":[{"embeddable":true,"href":"https:\/\/abinox-chr-clim.com\/index.php\/wp-json\/wp\/v2\/media\/81039"}],"wp:attachment":[{"href":"https:\/\/abinox-chr-clim.com\/index.php\/wp-json\/wp\/v2\/media?parent=68631"}],"wp:term":[{"taxonomy":"product_brand","embeddable":true,"href":"https:\/\/abinox-chr-clim.com\/index.php\/wp-json\/wp\/v2\/product_brand?post=68631"},{"taxonomy":"product_cat","embeddable":true,"href":"https:\/\/abinox-chr-clim.com\/index.php\/wp-json\/wp\/v2\/product_cat?post=68631"},{"taxonomy":"product_tag","embeddable":true,"href":"https:\/\/abinox-chr-clim.com\/index.php\/wp-json\/wp\/v2\/product_tag?post=68631"}],"curies":[{"name":"wp","href":"https:\/\/api.w.org\/{rel}","templated":true}]}}