{"id":68630,"date":"2024-03-22T16:14:41","date_gmt":"2024-03-22T15:14:41","guid":{"rendered":"https:\/\/abinox-chr-clim.com\/index.php\/product\/aiguiseur-professionnel-waring\/"},"modified":"2026-04-14T08:35:37","modified_gmt":"2026-04-14T06:35:37","slug":"aiguiseur-professionnel-waring","status":"publish","type":"product","link":"https:\/\/abinox-chr-clim.com\/index.php\/product\/aiguiseur-professionnel-waring\/","title":{"rendered":"Aiguiseur professionnel Waring"},"content":{"rendered":"<p>Meules \u00e0 grain fin et grossier. L&rsquo;une des meules tourne \u00e0 l&rsquo;envers pour permettre une \u00e9limination plus efficace des \u00e9barbures et un meilleur polissage de la lame. Aiguise \u00e0 des angles de 18-22\u00b0 (angles optimaux recommand\u00e9s par les fabricants de couteaux). Un tiroir magn\u00e9tis\u00e9 situ\u00e9 sous la meule permet de r\u00e9cup\u00e9rer les copeaux.<br \/>Une roue fonctionne en sens inverse pour un retrait plus facile des copeaux et un meilleur aff\u00fbtage des lames. .R\u00e9f\u00e9rence soumise \u00e0 une Eco-participation DEEE de 0,20\u20ac par unit\u00e9 vendue. Une roue fonctionne en sens inverse pour un retrait plus facile des copeaux et un meilleur aff\u00fbtage des lames. .<br \/> Caract\u00e9ristiques :<br \/> Dimensions : 11,1(H)x 14,3(L)x 22,4(P)cm.<br \/> Mati\u00e8re : .<br \/> Voltage : 230V.<br \/> Couleur : Noir.<\/p>\n","protected":false},"excerpt":{"rendered":"<p>Aiguiseur professionnel Waring<\/p>\n","protected":false},"featured_media":80685,"comment_status":"closed","ping_status":"closed","template":"","meta":[],"product_brand":[],"product_cat":[1277,1297],"product_tag":[],"class_list":{"0":"post-68630","1":"product","2":"type-product","3":"status-publish","4":"has-post-thumbnail","6":"product_cat-divers-principal","7":"product_cat-non-palettisable","8":"product_shipping_class-free-shipping","10":"first","11":"instock","12":"featured","13":"taxable","14":"shipping-taxable","15":"purchasable","16":"product-type-simple"},"_links":{"self":[{"href":"https:\/\/abinox-chr-clim.com\/index.php\/wp-json\/wp\/v2\/product\/68630","targetHints":{"allow":["GET"]}}],"collection":[{"href":"https:\/\/abinox-chr-clim.com\/index.php\/wp-json\/wp\/v2\/product"}],"about":[{"href":"https:\/\/abinox-chr-clim.com\/index.php\/wp-json\/wp\/v2\/types\/product"}],"replies":[{"embeddable":true,"href":"https:\/\/abinox-chr-clim.com\/index.php\/wp-json\/wp\/v2\/comments?post=68630"}],"wp:featuredmedia":[{"embeddable":true,"href":"https:\/\/abinox-chr-clim.com\/index.php\/wp-json\/wp\/v2\/media\/80685"}],"wp:attachment":[{"href":"https:\/\/abinox-chr-clim.com\/index.php\/wp-json\/wp\/v2\/media?parent=68630"}],"wp:term":[{"taxonomy":"product_brand","embeddable":true,"href":"https:\/\/abinox-chr-clim.com\/index.php\/wp-json\/wp\/v2\/product_brand?post=68630"},{"taxonomy":"product_cat","embeddable":true,"href":"https:\/\/abinox-chr-clim.com\/index.php\/wp-json\/wp\/v2\/product_cat?post=68630"},{"taxonomy":"product_tag","embeddable":true,"href":"https:\/\/abinox-chr-clim.com\/index.php\/wp-json\/wp\/v2\/product_tag?post=68630"}],"curies":[{"name":"wp","href":"https:\/\/api.w.org\/{rel}","templated":true}]}}