{"id":68628,"date":"2024-03-22T16:14:41","date_gmt":"2024-03-22T15:14:41","guid":{"rendered":"https:\/\/abinox-chr-clim.com\/index.php\/product\/bacs-rectangulaires-churchill-counter-serve-2l-lot-de-4\/"},"modified":"2026-04-14T09:36:37","modified_gmt":"2026-04-14T07:36:37","slug":"bacs-rectangulaires-churchill-counter-serve-2l-lot-de-4","status":"publish","type":"product","link":"https:\/\/abinox-chr-clim.com\/index.php\/product\/bacs-rectangulaires-churchill-counter-serve-2l-lot-de-4\/","title":{"rendered":"Bacs rectangulaires Churchill Counter-Serve 2L (lot de 4)"},"content":{"rendered":"<p>Une collection prim\u00e9e d&rsquo;articles Counter-Serve, con\u00e7ue pour am\u00e9liorer l&rsquo;apparence des pr\u00e9sentations de comptoir chauds et froids. Toutes les pi\u00e8ces, \u00e0 l&rsquo;exception du CF770, sont empilables pour un rangement facile et toutes vont au cong\u00e9lateur, au four, au micro-ondes et au lave-vaisselle.<br \/>Couleur : Blanc. Forme : Rectangulaire. Four, micro-ondes, lave-vaisselle et cong\u00e9lateur. Super \u00e9maill\u00e9. Empilable.  Couleur : Blanc.<\/p>\n<p>Caract\u00e9ristiques :<br \/>Lot : 4.<br \/> Capacit\u00e9 : 2 L.<br \/> Dimensions : 180 x 194mm.<br \/> Mati\u00e8re : Porcelaine.<br \/> Couleur : Blanc.<\/p>\n","protected":false},"excerpt":{"rendered":"<p>Bacs rectangulaires Churchill Counter-Serve 2L (lot de 4)<\/p>\n","protected":false},"featured_media":79648,"comment_status":"closed","ping_status":"closed","template":"","meta":[],"product_brand":[],"product_cat":[1277,1297],"product_tag":[],"class_list":{"0":"post-68628","1":"product","2":"type-product","3":"status-publish","4":"has-post-thumbnail","6":"product_cat-divers-principal","7":"product_cat-non-palettisable","8":"product_shipping_class-free-shipping","10":"first","11":"instock","12":"featured","13":"taxable","14":"shipping-taxable","15":"purchasable","16":"product-type-simple"},"_links":{"self":[{"href":"https:\/\/abinox-chr-clim.com\/index.php\/wp-json\/wp\/v2\/product\/68628","targetHints":{"allow":["GET"]}}],"collection":[{"href":"https:\/\/abinox-chr-clim.com\/index.php\/wp-json\/wp\/v2\/product"}],"about":[{"href":"https:\/\/abinox-chr-clim.com\/index.php\/wp-json\/wp\/v2\/types\/product"}],"replies":[{"embeddable":true,"href":"https:\/\/abinox-chr-clim.com\/index.php\/wp-json\/wp\/v2\/comments?post=68628"}],"wp:featuredmedia":[{"embeddable":true,"href":"https:\/\/abinox-chr-clim.com\/index.php\/wp-json\/wp\/v2\/media\/79648"}],"wp:attachment":[{"href":"https:\/\/abinox-chr-clim.com\/index.php\/wp-json\/wp\/v2\/media?parent=68628"}],"wp:term":[{"taxonomy":"product_brand","embeddable":true,"href":"https:\/\/abinox-chr-clim.com\/index.php\/wp-json\/wp\/v2\/product_brand?post=68628"},{"taxonomy":"product_cat","embeddable":true,"href":"https:\/\/abinox-chr-clim.com\/index.php\/wp-json\/wp\/v2\/product_cat?post=68628"},{"taxonomy":"product_tag","embeddable":true,"href":"https:\/\/abinox-chr-clim.com\/index.php\/wp-json\/wp\/v2\/product_tag?post=68628"}],"curies":[{"name":"wp","href":"https:\/\/api.w.org\/{rel}","templated":true}]}}