{"id":68625,"date":"2024-03-22T16:14:40","date_gmt":"2024-03-22T15:14:40","guid":{"rendered":"https:\/\/abinox-chr-clim.com\/index.php\/product\/rouleau-demballage-sous-vide-vogue-avec-boite-de-decoupe-gaufre-200-mm-et-300-mm-lot-de-2\/"},"modified":"2026-04-14T10:50:22","modified_gmt":"2026-04-14T08:50:22","slug":"rouleau-demballage-sous-vide-vogue-avec-boite-de-decoupe-gaufre-200-mm-et-300-mm-lot-de-2","status":"publish","type":"product","link":"https:\/\/abinox-chr-clim.com\/index.php\/product\/rouleau-demballage-sous-vide-vogue-avec-boite-de-decoupe-gaufre-200-mm-et-300-mm-lot-de-2\/","title":{"rendered":"Rouleau d&#8217;emballage sous vide Vogue avec bo\u00eete de d\u00e9coupe (gaufr\u00e9) 200 mm et 300 mm, lot de 2"},"content":{"rendered":"<p>Un moyen efficace et facile de stocker et de distribuer des sacs sous vide durables. Id\u00e9al pour les zones de pr\u00e9paration alimentaire.<br \/>Les sacs sous vide peuvent conserver les aliments jusqu&rsquo;\u00e0 3 \u00e0 5 fois plus longtemps que les m\u00e9thodes de stockage conventionnelles et peuvent prolonger la dur\u00e9e de conservation des aliments. Les sacs aident \u00e0 prot\u00e9ger les aliments de la d\u00e9shydratation et des br\u00fblures de la cong\u00e9lation. R\u00e9sistant \u00e0 la moisissure, \u00e0 l&rsquo;humidit\u00e9, aux insectes et aux odeurs. Bien rang\u00e9, hygi\u00e9nique, pratique et facile \u00e0 utiliser.Les sacs sous vide peuvent conserver les aliments jusqu&rsquo;\u00e0 3 \u00e0 5 fois plus longtemps que les m\u00e9thodes de stockage conventionnelles et peuvent prolonger la dur\u00e9e de conservation des aliments. .<br \/> Caract\u00e9ristiques :<br \/> Dimensions : 178(H) x 374(L) x 345(P)mm.<br \/> Mati\u00e8re : Poly\u00e9thyl\u00e8ne.<br \/> Couleur : Transparent.<\/p>\n","protected":false},"excerpt":{"rendered":"<p>Rouleau d&#8217;emballage sous vide Vogue avec bo\u00eete de d\u00e9coupe (gaufr\u00e9) 200 mm et 300 mm, lot de 2<\/p>\n","protected":false},"featured_media":75264,"comment_status":"closed","ping_status":"closed","template":"","meta":[],"product_brand":[],"product_cat":[1277,1297],"product_tag":[],"class_list":{"0":"post-68625","1":"product","2":"type-product","3":"status-publish","4":"has-post-thumbnail","6":"product_cat-divers-principal","7":"product_cat-non-palettisable","8":"product_shipping_class-free-shipping","10":"first","11":"instock","12":"featured","13":"taxable","14":"shipping-taxable","15":"purchasable","16":"product-type-simple"},"_links":{"self":[{"href":"https:\/\/abinox-chr-clim.com\/index.php\/wp-json\/wp\/v2\/product\/68625","targetHints":{"allow":["GET"]}}],"collection":[{"href":"https:\/\/abinox-chr-clim.com\/index.php\/wp-json\/wp\/v2\/product"}],"about":[{"href":"https:\/\/abinox-chr-clim.com\/index.php\/wp-json\/wp\/v2\/types\/product"}],"replies":[{"embeddable":true,"href":"https:\/\/abinox-chr-clim.com\/index.php\/wp-json\/wp\/v2\/comments?post=68625"}],"wp:featuredmedia":[{"embeddable":true,"href":"https:\/\/abinox-chr-clim.com\/index.php\/wp-json\/wp\/v2\/media\/75264"}],"wp:attachment":[{"href":"https:\/\/abinox-chr-clim.com\/index.php\/wp-json\/wp\/v2\/media?parent=68625"}],"wp:term":[{"taxonomy":"product_brand","embeddable":true,"href":"https:\/\/abinox-chr-clim.com\/index.php\/wp-json\/wp\/v2\/product_brand?post=68625"},{"taxonomy":"product_cat","embeddable":true,"href":"https:\/\/abinox-chr-clim.com\/index.php\/wp-json\/wp\/v2\/product_cat?post=68625"},{"taxonomy":"product_tag","embeddable":true,"href":"https:\/\/abinox-chr-clim.com\/index.php\/wp-json\/wp\/v2\/product_tag?post=68625"}],"curies":[{"name":"wp","href":"https:\/\/api.w.org\/{rel}","templated":true}]}}