{"id":68622,"date":"2024-03-22T16:14:39","date_gmt":"2024-03-22T15:14:39","guid":{"rendered":"https:\/\/abinox-chr-clim.com\/index.php\/product\/rouleaux-cb-thermiques-olympia-57-x-39-mm-lot-de-20\/"},"modified":"2026-04-14T10:37:10","modified_gmt":"2026-04-14T08:37:10","slug":"rouleaux-cb-thermiques-olympia-57-x-39-mm-lot-de-20","status":"publish","type":"product","link":"https:\/\/abinox-chr-clim.com\/index.php\/product\/rouleaux-cb-thermiques-olympia-57-x-39-mm-lot-de-20\/","title":{"rendered":"Rouleaux CB thermiques Olympia 57 x 39 mm (lot de 20)"},"content":{"rendered":"<p>Lot de 20. 57(H) x 39(\u00d8)mm.<br \/>Convient \u00e0 toutes les machines nomm\u00e9es ci-dessous et \u00e0 toute machine avec une imprimante thermique qui accepte des rouleaux de 57(H) x 39(\u00d8)mm. AP1310, AP1310-IR, AP1310-DC. Ascom &#8211; EFT-10P. Axiohm &#8211; TPOS, A620. Casio &#8211; TE-100, TE-2000, TE-3000, TE-4000, TE-4500, TE-8000, TE-8500, TE-M80, TKT-200, TKT-500, TKT-5000. \u00c9lite &#8211; CR202. Fid\u00e9lit\u00e9 &#8211; CR30T. Fortronic &#8211; TT41 (Thermique), TT42 (Thermique). Geller SX-580, SX-680, SX-850, TL-550, TX-500. HSBC \/ Sagem Monetel &#8211; EFT930M, EFT930P, EFT930S, EFT930W, EFT930S-GM. Hypercom &#8211; ICE5500, ICE5700Plus, ICE6500, ICE7000. Optimum &#8211; T2100, M2100, M4210, T4210, T4220, T7PS. Convient \u00e0 toutes les machines nomm\u00e9es ci-dessous et \u00e0 toute machine avec une imprimante thermique qui accepte des rouleaux de 57(H) x 39(\u00d8)mm.<\/p>\n<p>Caract\u00e9ristiques :<br \/>Lot : 20.<br \/> Dimensions : 57(H) x 39(\u00d8) mm.<br \/> Mati\u00e8re : Papier.<br \/> Couleur : Blanc.<\/p>\n","protected":false},"excerpt":{"rendered":"<p>Rouleaux CB thermiques Olympia 57 x 39 mm (lot de 20)<\/p>\n","protected":false},"featured_media":104875,"comment_status":"closed","ping_status":"closed","template":"","meta":[],"product_brand":[],"product_cat":[1277,1297],"product_tag":[],"class_list":{"0":"post-68622","1":"product","2":"type-product","3":"status-publish","4":"has-post-thumbnail","6":"product_cat-divers-principal","7":"product_cat-non-palettisable","8":"product_shipping_class-free-shipping","10":"first","11":"instock","12":"featured","13":"taxable","14":"shipping-taxable","15":"purchasable","16":"product-type-simple"},"_links":{"self":[{"href":"https:\/\/abinox-chr-clim.com\/index.php\/wp-json\/wp\/v2\/product\/68622","targetHints":{"allow":["GET"]}}],"collection":[{"href":"https:\/\/abinox-chr-clim.com\/index.php\/wp-json\/wp\/v2\/product"}],"about":[{"href":"https:\/\/abinox-chr-clim.com\/index.php\/wp-json\/wp\/v2\/types\/product"}],"replies":[{"embeddable":true,"href":"https:\/\/abinox-chr-clim.com\/index.php\/wp-json\/wp\/v2\/comments?post=68622"}],"wp:featuredmedia":[{"embeddable":true,"href":"https:\/\/abinox-chr-clim.com\/index.php\/wp-json\/wp\/v2\/media\/104875"}],"wp:attachment":[{"href":"https:\/\/abinox-chr-clim.com\/index.php\/wp-json\/wp\/v2\/media?parent=68622"}],"wp:term":[{"taxonomy":"product_brand","embeddable":true,"href":"https:\/\/abinox-chr-clim.com\/index.php\/wp-json\/wp\/v2\/product_brand?post=68622"},{"taxonomy":"product_cat","embeddable":true,"href":"https:\/\/abinox-chr-clim.com\/index.php\/wp-json\/wp\/v2\/product_cat?post=68622"},{"taxonomy":"product_tag","embeddable":true,"href":"https:\/\/abinox-chr-clim.com\/index.php\/wp-json\/wp\/v2\/product_tag?post=68622"}],"curies":[{"name":"wp","href":"https:\/\/api.w.org\/{rel}","templated":true}]}}