{"id":68618,"date":"2024-03-22T16:12:40","date_gmt":"2024-03-22T15:12:40","guid":{"rendered":"https:\/\/abinox-chr-clim.com\/index.php\/product\/cuillere-de-service-matfer-bourgeat-exoglass-340mm\/"},"modified":"2026-04-02T09:07:12","modified_gmt":"2026-04-02T07:07:12","slug":"cuillere-de-service-matfer-bourgeat-exoglass-340mm","status":"publish","type":"product","link":"https:\/\/abinox-chr-clim.com\/index.php\/product\/cuillere-de-service-matfer-bourgeat-exoglass-340mm\/","title":{"rendered":"Cuill\u00e8re de service Matfer Bourgeat Exoglass 340mm"},"content":{"rendered":"<p>R\u00e9siste \u00e0 la chaleur jusqu&rsquo;\u00e0 220\u00b0C. Peut \u00eatre utilis\u00e9e pour cuisiner ou servir les aliments chauds.Noire. R\u00e9siste \u00e0 la chaleur jusqu&rsquo;\u00e0 220\u00b0C.<\/p>\n<p>Caract\u00e9ristiques :<br \/> Dimensions : 340(L) mm.<br \/> Mati\u00e8re : Exoglass<\/p>\n","protected":false},"excerpt":{"rendered":"<p>Cuill\u00e8re de service Matfer Bourgeat Exoglass 340mm<\/p>\n","protected":false},"featured_media":98706,"comment_status":"closed","ping_status":"closed","template":"","meta":[],"product_brand":[],"product_cat":[1064,1297,1098,1105],"product_tag":[],"class_list":{"0":"post-68618","1":"product","2":"type-product","3":"status-publish","4":"has-post-thumbnail","6":"product_cat-cuisine","7":"product_cat-non-palettisable","8":"product_cat-ustensiles-cuisine","9":"product_cat-ustensiles-de-service","10":"product_shipping_class-free-shipping","12":"first","13":"instock","14":"featured","15":"taxable","16":"shipping-taxable","17":"purchasable","18":"product-type-simple"},"_links":{"self":[{"href":"https:\/\/abinox-chr-clim.com\/index.php\/wp-json\/wp\/v2\/product\/68618","targetHints":{"allow":["GET"]}}],"collection":[{"href":"https:\/\/abinox-chr-clim.com\/index.php\/wp-json\/wp\/v2\/product"}],"about":[{"href":"https:\/\/abinox-chr-clim.com\/index.php\/wp-json\/wp\/v2\/types\/product"}],"replies":[{"embeddable":true,"href":"https:\/\/abinox-chr-clim.com\/index.php\/wp-json\/wp\/v2\/comments?post=68618"}],"wp:featuredmedia":[{"embeddable":true,"href":"https:\/\/abinox-chr-clim.com\/index.php\/wp-json\/wp\/v2\/media\/98706"}],"wp:attachment":[{"href":"https:\/\/abinox-chr-clim.com\/index.php\/wp-json\/wp\/v2\/media?parent=68618"}],"wp:term":[{"taxonomy":"product_brand","embeddable":true,"href":"https:\/\/abinox-chr-clim.com\/index.php\/wp-json\/wp\/v2\/product_brand?post=68618"},{"taxonomy":"product_cat","embeddable":true,"href":"https:\/\/abinox-chr-clim.com\/index.php\/wp-json\/wp\/v2\/product_cat?post=68618"},{"taxonomy":"product_tag","embeddable":true,"href":"https:\/\/abinox-chr-clim.com\/index.php\/wp-json\/wp\/v2\/product_tag?post=68618"}],"curies":[{"name":"wp","href":"https:\/\/api.w.org\/{rel}","templated":true}]}}