{"id":68600,"date":"2024-03-22T16:12:31","date_gmt":"2024-03-22T15:12:31","guid":{"rendered":"https:\/\/abinox-chr-clim.com\/index.php\/product\/pince-de-service-code-couleur-hygiplas-405mm-violette\/"},"modified":"2025-06-30T11:01:16","modified_gmt":"2025-06-30T09:01:16","slug":"pince-de-service-code-couleur-hygiplas-405mm-violette","status":"publish","type":"product","link":"https:\/\/abinox-chr-clim.com\/index.php\/product\/pince-de-service-code-couleur-hygiplas-405mm-violette\/","title":{"rendered":"Pince de service code couleur Hygiplas 405mm violette"},"content":{"rendered":"<p>Les pinces de service en acier inoxydable recouvertes de vinyle et cod\u00e9es par couleur permettent d&rsquo;\u00e9viter toute contamination crois\u00e9e lors du service. De par leur conception, elles n&rsquo;offrent aucun creux ou pli pouvant contenir des bact\u00e9ries. Disponibles en 290mm ou 400mm de long pour r\u00e9pondre \u00e0 vos besoins.<br \/>Longueur 405mm. Acier inoxydable. Rev\u00eatement vinyle. Violet. Code couleur pour \u00e9viter la contamination crois\u00e9e.  Longueur 405mm.<\/p>\n<p>Caract\u00e9ristiques :<br \/> Dimensions : 405(L) mm.<br \/> Mati\u00e8re : Acier inoxydable.<br \/> Couleur : Violet.<\/p>\n","protected":false},"excerpt":{"rendered":"<p>Pince de service code couleur Hygiplas 405mm violette<\/p>\n","protected":false},"featured_media":104065,"comment_status":"closed","ping_status":"closed","template":"","meta":[],"product_brand":[],"product_cat":[1064,1297,1098,1105],"product_tag":[],"class_list":{"0":"post-68600","1":"product","2":"type-product","3":"status-publish","4":"has-post-thumbnail","6":"product_cat-cuisine","7":"product_cat-non-palettisable","8":"product_cat-ustensiles-cuisine","9":"product_cat-ustensiles-de-service","10":"product_shipping_class-free-shipping","12":"first","13":"outofstock","14":"featured","15":"taxable","16":"shipping-taxable","17":"purchasable","18":"product-type-simple"},"_links":{"self":[{"href":"https:\/\/abinox-chr-clim.com\/index.php\/wp-json\/wp\/v2\/product\/68600","targetHints":{"allow":["GET"]}}],"collection":[{"href":"https:\/\/abinox-chr-clim.com\/index.php\/wp-json\/wp\/v2\/product"}],"about":[{"href":"https:\/\/abinox-chr-clim.com\/index.php\/wp-json\/wp\/v2\/types\/product"}],"replies":[{"embeddable":true,"href":"https:\/\/abinox-chr-clim.com\/index.php\/wp-json\/wp\/v2\/comments?post=68600"}],"wp:featuredmedia":[{"embeddable":true,"href":"https:\/\/abinox-chr-clim.com\/index.php\/wp-json\/wp\/v2\/media\/104065"}],"wp:attachment":[{"href":"https:\/\/abinox-chr-clim.com\/index.php\/wp-json\/wp\/v2\/media?parent=68600"}],"wp:term":[{"taxonomy":"product_brand","embeddable":true,"href":"https:\/\/abinox-chr-clim.com\/index.php\/wp-json\/wp\/v2\/product_brand?post=68600"},{"taxonomy":"product_cat","embeddable":true,"href":"https:\/\/abinox-chr-clim.com\/index.php\/wp-json\/wp\/v2\/product_cat?post=68600"},{"taxonomy":"product_tag","embeddable":true,"href":"https:\/\/abinox-chr-clim.com\/index.php\/wp-json\/wp\/v2\/product_tag?post=68600"}],"curies":[{"name":"wp","href":"https:\/\/api.w.org\/{rel}","templated":true}]}}