{"id":68582,"date":"2024-03-22T16:12:21","date_gmt":"2024-03-22T15:12:21","guid":{"rendered":"https:\/\/abinox-chr-clim.com\/index.php\/product\/louche-pleine-beige\/"},"modified":"2026-04-02T08:42:41","modified_gmt":"2026-04-02T06:42:41","slug":"louche-pleine-beige","status":"publish","type":"product","link":"https:\/\/abinox-chr-clim.com\/index.php\/product\/louche-pleine-beige\/","title":{"rendered":"Louche pleine beige"},"content":{"rendered":"<p>Louches code couleur pour un contr\u00f4le pr\u00e9cis des portions. Une pi\u00e8ce, en acier inoxydable massif avec un manche pratique et ergonomique.<\/p>\n<p>Caract\u00e9ristiques :<br \/> Capacit\u00e9 : 90 ml.<br \/> Dimensions : 337(L) mm.<br \/> Mati\u00e8re : Acier inoxydable.<br \/> Couleur : Beige.<\/p>\n","protected":false},"excerpt":{"rendered":"<p>Louche pleine beige<\/p>\n","protected":false},"featured_media":91910,"comment_status":"closed","ping_status":"closed","template":"","meta":[],"product_brand":[],"product_cat":[1064,1297,1098,1105],"product_tag":[],"class_list":{"0":"post-68582","1":"product","2":"type-product","3":"status-publish","4":"has-post-thumbnail","6":"product_cat-cuisine","7":"product_cat-non-palettisable","8":"product_cat-ustensiles-cuisine","9":"product_cat-ustensiles-de-service","10":"product_shipping_class-free-shipping","12":"first","13":"instock","14":"featured","15":"taxable","16":"shipping-taxable","17":"purchasable","18":"product-type-simple"},"_links":{"self":[{"href":"https:\/\/abinox-chr-clim.com\/index.php\/wp-json\/wp\/v2\/product\/68582","targetHints":{"allow":["GET"]}}],"collection":[{"href":"https:\/\/abinox-chr-clim.com\/index.php\/wp-json\/wp\/v2\/product"}],"about":[{"href":"https:\/\/abinox-chr-clim.com\/index.php\/wp-json\/wp\/v2\/types\/product"}],"replies":[{"embeddable":true,"href":"https:\/\/abinox-chr-clim.com\/index.php\/wp-json\/wp\/v2\/comments?post=68582"}],"wp:featuredmedia":[{"embeddable":true,"href":"https:\/\/abinox-chr-clim.com\/index.php\/wp-json\/wp\/v2\/media\/91910"}],"wp:attachment":[{"href":"https:\/\/abinox-chr-clim.com\/index.php\/wp-json\/wp\/v2\/media?parent=68582"}],"wp:term":[{"taxonomy":"product_brand","embeddable":true,"href":"https:\/\/abinox-chr-clim.com\/index.php\/wp-json\/wp\/v2\/product_brand?post=68582"},{"taxonomy":"product_cat","embeddable":true,"href":"https:\/\/abinox-chr-clim.com\/index.php\/wp-json\/wp\/v2\/product_cat?post=68582"},{"taxonomy":"product_tag","embeddable":true,"href":"https:\/\/abinox-chr-clim.com\/index.php\/wp-json\/wp\/v2\/product_tag?post=68582"}],"curies":[{"name":"wp","href":"https:\/\/api.w.org\/{rel}","templated":true}]}}