{"id":68573,"date":"2024-03-22T16:12:17","date_gmt":"2024-03-22T15:12:17","guid":{"rendered":"https:\/\/abinox-chr-clim.com\/index.php\/product\/cuillere-de-service-buffet-de-salade-amefa-237mm\/"},"modified":"2026-04-02T08:31:56","modified_gmt":"2026-04-02T06:31:56","slug":"cuillere-de-service-buffet-de-salade-amefa-237mm","status":"publish","type":"product","link":"https:\/\/abinox-chr-clim.com\/index.php\/product\/cuillere-de-service-buffet-de-salade-amefa-237mm\/","title":{"rendered":"Cuill\u00e8re de service buffet de salade Amefa 237mm"},"content":{"rendered":"<p>En acier inoxydable 18\/10 enti\u00e8rement poli et finition satin\u00e9e pour \u00e9viter les traces de doigts.<br \/>Corps hautement poli. Evite les traces de doigts. Extr\u00eamement durable. Corps hautement poli.<\/p>\n<p>Caract\u00e9ristiques :<br \/> Dimensions : 237mm.<br \/> Mati\u00e8re : Acier inoxydable.<br \/> Couleur : Argent.<\/p>\n","protected":false},"excerpt":{"rendered":"<p>Cuill\u00e8re de service buffet de salade Amefa 237mm<\/p>\n","protected":false},"featured_media":103303,"comment_status":"closed","ping_status":"closed","template":"","meta":[],"product_brand":[],"product_cat":[1064,1297,1098,1105],"product_tag":[],"class_list":{"0":"post-68573","1":"product","2":"type-product","3":"status-publish","4":"has-post-thumbnail","6":"product_cat-cuisine","7":"product_cat-non-palettisable","8":"product_cat-ustensiles-cuisine","9":"product_cat-ustensiles-de-service","10":"product_shipping_class-free-shipping","12":"first","13":"instock","14":"featured","15":"taxable","16":"shipping-taxable","17":"purchasable","18":"product-type-simple"},"_links":{"self":[{"href":"https:\/\/abinox-chr-clim.com\/index.php\/wp-json\/wp\/v2\/product\/68573","targetHints":{"allow":["GET"]}}],"collection":[{"href":"https:\/\/abinox-chr-clim.com\/index.php\/wp-json\/wp\/v2\/product"}],"about":[{"href":"https:\/\/abinox-chr-clim.com\/index.php\/wp-json\/wp\/v2\/types\/product"}],"replies":[{"embeddable":true,"href":"https:\/\/abinox-chr-clim.com\/index.php\/wp-json\/wp\/v2\/comments?post=68573"}],"wp:featuredmedia":[{"embeddable":true,"href":"https:\/\/abinox-chr-clim.com\/index.php\/wp-json\/wp\/v2\/media\/103303"}],"wp:attachment":[{"href":"https:\/\/abinox-chr-clim.com\/index.php\/wp-json\/wp\/v2\/media?parent=68573"}],"wp:term":[{"taxonomy":"product_brand","embeddable":true,"href":"https:\/\/abinox-chr-clim.com\/index.php\/wp-json\/wp\/v2\/product_brand?post=68573"},{"taxonomy":"product_cat","embeddable":true,"href":"https:\/\/abinox-chr-clim.com\/index.php\/wp-json\/wp\/v2\/product_cat?post=68573"},{"taxonomy":"product_tag","embeddable":true,"href":"https:\/\/abinox-chr-clim.com\/index.php\/wp-json\/wp\/v2\/product_tag?post=68573"}],"curies":[{"name":"wp","href":"https:\/\/api.w.org\/{rel}","templated":true}]}}