{"id":68563,"date":"2024-03-22T16:12:13","date_gmt":"2024-03-22T15:12:13","guid":{"rendered":"https:\/\/abinox-chr-clim.com\/index.php\/product\/pince-de-service-a-code-couleur-hygiplas-300mm-bleue\/"},"modified":"2026-04-02T08:29:07","modified_gmt":"2026-04-02T06:29:07","slug":"pince-de-service-a-code-couleur-hygiplas-300mm-bleue","status":"publish","type":"product","link":"https:\/\/abinox-chr-clim.com\/index.php\/product\/pince-de-service-a-code-couleur-hygiplas-300mm-bleue\/","title":{"rendered":"Pince de service \u00e0 code couleur Hygiplas 300mm bleue"},"content":{"rendered":"<p>Les pinces de service en acier inoxydable recouvertes de vinyle et cod\u00e9es par couleur permettent d&rsquo;\u00e9viter toute contamination crois\u00e9e lors du service. De par leur conception, elles n&rsquo;offrent aucun creux ou pli pouvant contenir des bact\u00e9ries. Disponibles en 290mm ou 400mm de long pour r\u00e9pondre \u00e0 vos besoins.<br \/>Les poign\u00e9es recouvertes de vinyle augmentent la prise en main pour un contr\u00f4le total dans votre main. La conception ambidextre est aussi confortable pour les gauchers que pour les droitiers. Les poign\u00e9es vertes \u00e0 code couleur sont facilement identifiables pour une utilisation avec du poisson cru. Le toucher lisse vous permet de retourner, d&rsquo;assi\u00e9ger ou de servir plus longtemps sans g\u00eane. Le design hygi\u00e9nique et \u00e9pur\u00e9 ne laisse aucun endroit o\u00f9 les restes de nourriture peuvent s&rsquo;accumuler. L&rsquo;absence de creux ou de plis rend les pinces plus rapides et plus faciles \u00e0 nettoyer.  Les poign\u00e9es recouvertes de vinyle augmentent la prise en main pour un contr\u00f4le total dans votre main.<\/p>\n<p>Caract\u00e9ristiques :<br \/> Dimensions : 300(L) mm.<br \/> Mati\u00e8re : Acier inoxydable.<br \/> Couleur : Bleu.<\/p>\n","protected":false},"excerpt":{"rendered":"<p>Pince de service \u00e0 code couleur Hygiplas 300mm bleue<\/p>\n","protected":false},"featured_media":79774,"comment_status":"closed","ping_status":"closed","template":"","meta":[],"product_brand":[],"product_cat":[1064,1297,1098,1105],"product_tag":[],"class_list":{"0":"post-68563","1":"product","2":"type-product","3":"status-publish","4":"has-post-thumbnail","6":"product_cat-cuisine","7":"product_cat-non-palettisable","8":"product_cat-ustensiles-cuisine","9":"product_cat-ustensiles-de-service","10":"product_shipping_class-free-shipping","12":"first","13":"instock","14":"featured","15":"taxable","16":"shipping-taxable","17":"purchasable","18":"product-type-simple"},"_links":{"self":[{"href":"https:\/\/abinox-chr-clim.com\/index.php\/wp-json\/wp\/v2\/product\/68563","targetHints":{"allow":["GET"]}}],"collection":[{"href":"https:\/\/abinox-chr-clim.com\/index.php\/wp-json\/wp\/v2\/product"}],"about":[{"href":"https:\/\/abinox-chr-clim.com\/index.php\/wp-json\/wp\/v2\/types\/product"}],"replies":[{"embeddable":true,"href":"https:\/\/abinox-chr-clim.com\/index.php\/wp-json\/wp\/v2\/comments?post=68563"}],"wp:featuredmedia":[{"embeddable":true,"href":"https:\/\/abinox-chr-clim.com\/index.php\/wp-json\/wp\/v2\/media\/79774"}],"wp:attachment":[{"href":"https:\/\/abinox-chr-clim.com\/index.php\/wp-json\/wp\/v2\/media?parent=68563"}],"wp:term":[{"taxonomy":"product_brand","embeddable":true,"href":"https:\/\/abinox-chr-clim.com\/index.php\/wp-json\/wp\/v2\/product_brand?post=68563"},{"taxonomy":"product_cat","embeddable":true,"href":"https:\/\/abinox-chr-clim.com\/index.php\/wp-json\/wp\/v2\/product_cat?post=68563"},{"taxonomy":"product_tag","embeddable":true,"href":"https:\/\/abinox-chr-clim.com\/index.php\/wp-json\/wp\/v2\/product_tag?post=68563"}],"curies":[{"name":"wp","href":"https:\/\/api.w.org\/{rel}","templated":true}]}}